{"id":3498503,"date":"2026-01-23T12:40:14","date_gmt":"2026-01-23T11:40:14","guid":{"rendered":"http:\/\/10.6.201.155\/?post_type=product&#038;p=53933"},"modified":"2026-04-23T10:36:52","modified_gmt":"2026-04-23T08:36:52","slug":"pe-224-elast","status":"publish","type":"product","link":"https:\/\/www.fassabortolo.it\/de\/produkte\/betoninstandsetzungs-system\/betonschutzmittel\/pe-224-elast","title":{"rendered":"PE 224 ELAST"},"content":{"rendered":"","protected":false},"featured_media":0,"template":"","class_list":["post-3498503","product","type-product","status-publish","hentry"],"acf":[],"fimg":{"url":"https:\/\/www.fassabortolo.it\/wp-content\/uploads\/media\/assets\/PE_224_ELAST.jpg","alt":"PE 224 ELAST"},"product_description":["Elastomeranstrich auf Acryl-Syloxanbasis"],"ekr_hierarchy_settings":{"it":{"FASSA_LINEA_PROTETTIVI_PER_CALCESTRUZZO_SISTEMA_RIPRISTINO":{"ekr_position":1},"FASSA_LINEA_PITTURE_SISTEMA_COLORE":{"ekr_position":22}},"ch":{"FASSA_LINEA_PROTETTIVI_PER_CALCESTRUZZO_SISTEMA_RIPRISTINO":{"ekr_position":1}},"es":{"FASSAES_LINEA_PROTETTIVI_PER_CALCESTRUZZO_SISTEMA_RIPRISTINO":{"ekr_position":1},"FASSAES_LINEA_PITTURE_SISTEMA_COLORE":{"ekr_position":6}},"lu":{"FASSA_LINEA_PROTETTIVI_PER_CALCESTRUZZO_SISTEMA_RIPRISTINO":{"ekr_position":1},"FASSA_LINEA_PITTURE_SISTEMA_COLORE":{"ekr_position":8}}},"lang":{"language_code":"de","locale":"de_DE","text_direction":false,"display_name":"Deutsch","native_name":"Tedesco","different_language":false},"systems":[{"id":3497516,"name":"BETONINSTANDSETZUNGS-SYSTEM","permalink":"https:\/\/www.fassabortolo.it\/de\/produkte\/betoninstandsetzungs-system\/","slug":"betoninstandsetzungs-system","ekr_pallet_code":"FASSA_SISTEMA_RIPRISTINO_DEL_CALCESTRUZZO"},{"id":3497509,"name":"FASSACOLOUR\u00ae-System","permalink":"https:\/\/www.fassabortolo.it\/de\/produkte\/sistema-fassacolour\/","slug":"sistema-fassacolour","ekr_pallet_code":"FASSA_SISTEMA_COLORE_FASSACOLOUR"}],"product_pallet_code":"PROD_PE_224_ELAST","lines":[{"id":3497484,"name":"BETONSCHUTZMITTEL","permalink":"https:\/\/www.fassabortolo.it\/de\/produkte\/\/betonschutzmittel\/","slug":"betonschutzmittel","system_codes":["FASSA_SISTEMA_RIPRISTINO_DEL_CALCESTRUZZO"],"ekr_pallet_code":"FASSA_LINEA_PROTETTIVI_PER_CALCESTRUZZO_SISTEMA_RIPRISTINO"},{"id":3497479,"name":"FARBANSTRICHE","permalink":"https:\/\/www.fassabortolo.it\/de\/produkte\/\/farbanstriche\/","slug":"farbanstriche","system_codes":["FASSA_SISTEMA_COLORE_FASSACOLOUR"],"ekr_pallet_code":"FASSA_LINEA_PITTURE_SISTEMA_COLORE"}],"use":["PE 224 ELAST ist ein wasserbasierter Schutz- und Dekoranstrich f\u00fcr au\u00dfen und verf\u00fcgt \u00fcber gute Elastizit\u00e4t und hohe Wasserabweisung. &nbsp; Das Produkt eignet sich zur Anwendung auf Putzgr\u00fcnden aller Art auf Kalk-Zementbasis, wenn es einer Beschichtung bedarf, die einem langfristigen Auftreten von Mikrorissen vorbeugt oder selbiges minimiert (maximales Ausma\u00df 0,3 mm). &nbsp; Per la soluzione delle microcavillature esistenti vanno applicati almeno due strati di prodotto al fine di raggiungere uno spessore secco di almeno 150 micron."],"supply":["Confezioni da ca. 14 l e scatole da 6 pz da 1 l. In base al paese di destinazione alcuni formati di vendita potrebbero non essere disponibili","Mit dem Farbmischsystem ColorLife realisierbare Farbt\u00f6ne"],"attributes":{"Attributes_1":{"WASSERBASIERTE ANSTRICHE MIT SCHUTZFILM":"Wasserbasierte Anstriche mit Schutzfilm"},"Attributes_2":{"AUSSENBEREICH":"Au\u00dfenbereich"}},"___attributes":{"FASSAES":{"FASSA_SISTEMA_RIPRISTINO_DEL_CALCESTRUZZO":{"Attributes_2":["Au\u00dfenbereich"]},"FASSA_SISTEMA_COLORE_FASSACOLOUR":{"Attributes_1":["Wasserbasierte Anstriche mit Schutzfilm"],"Attributes_2":["Au\u00dfenbereich"]}},"FASSA":{"FASSA_SISTEMA_RIPRISTINO_DEL_CALCESTRUZZO":{"Attributes_2":["Au\u00dfenbereich"]},"FASSA_SISTEMA_COLORE_FASSACOLOUR":{"Attributes_1":["Wasserbasierte Anstriche mit Schutzfilm"],"Attributes_2":["Au\u00dfenbereich"]}}},"elastic_market_index":"it","structured_data":{"@context":"https:\/\/schema.org","@type":"Product","name":"PE 224 ELAST","description":["Elastomeranstrich auf Acryl-Syloxanbasis"],"url":"https:\/\/www.fassabortolo.it\/de\/produkte\/betoninstandsetzungs-system\/betonschutzmittel\/pe-224-elast","identifier":"PROD_PE_224_ELAST","sku":"PROD_PE_224_ELAST","image":"https:\/\/www.fassabortolo.it\/wp-content\/uploads\/media\/assets\/PE_224_ELAST.jpg","brand":{"@type":"Brand","name":"Fassa Bortolo"},"manufacturer":{"@type":"Organization","name":"Fassa Bortolo","url":"https:\/\/www.fassabortolo.it"},"additionalProperty":[{"@type":"PropertyValue","name":"Use Case 1","value":"PE 224 ELAST ist ein wasserbasierter Schutz- und Dekoranstrich f\u00fcr au\u00dfen und verf\u00fcgt \u00fcber gute Elastizit\u00e4t und hohe Wasserabweisung. &nbsp; Das Produkt eignet sich zur Anwendung auf Putzgr\u00fcnden aller Art auf Kalk-Zementbasis, wenn es einer Beschichtung bedarf, die einem langfristigen Auftreten von Mikrorissen vorbeugt oder selbiges minimiert (maximales Ausma\u00df 0,3 mm). &nbsp; Per la soluzione delle microcavillature esistenti vanno applicati almeno due strati di prodotto al fine di raggiungere uno spessore secco di almeno 150 micron."},{"@type":"PropertyValue","name":"Supply Information","value":"Confezioni da ca. 14 l e scatole da 6 pz da 1 l. In base al paese di destinazione alcuni formati di vendita potrebbero non essere disponibili"},{"@type":"PropertyValue","name":"Supply Information","value":"Mit dem Farbmischsystem ColorLife realisierbare Farbt\u00f6ne"},{"@type":"PropertyValue","name":"Attributes_2","value":"Au\u00dfenbereich"},{"@type":"PropertyValue","name":"Attributes_1","value":"Wasserbasierte Anstriche mit Schutzfilm"},{"@type":"PropertyValue","name":"Attributes_2","value":"Au\u00dfenbereich"}],"category":[{"@type":"ProductCollection","name":"BETONSCHUTZMITTEL","identifier":"FASSA_LINEA_PROTETTIVI_PER_CALCESTRUZZO_SISTEMA_RIPRISTINO"},{"@type":"ProductCollection","name":"FARBANSTRICHE","identifier":"FASSA_LINEA_PITTURE_SISTEMA_COLORE"},{"@type":"Collection","name":"BETONINSTANDSETZUNGS-SYSTEM","identifier":"FASSA_SISTEMA_RIPRISTINO_DEL_CALCESTRUZZO"},{"@type":"Collection","name":"FASSACOLOUR\u00ae-System","identifier":"FASSA_SISTEMA_COLORE_FASSACOLOUR"}],"inLanguage":"de"},"_links":{"self":[{"href":"https:\/\/www.fassabortolo.it\/de\/wp-json\/wp\/v2\/product\/3498503","targetHints":{"allow":["GET"]}}],"collection":[{"href":"https:\/\/www.fassabortolo.it\/de\/wp-json\/wp\/v2\/product"}],"about":[{"href":"https:\/\/www.fassabortolo.it\/de\/wp-json\/wp\/v2\/types\/product"}],"wp:attachment":[{"href":"https:\/\/www.fassabortolo.it\/de\/wp-json\/wp\/v2\/media?parent=3498503"}],"curies":[{"name":"wp","href":"https:\/\/api.w.org\/{rel}","templated":true}]}}