{"id":3498507,"date":"2026-01-23T12:37:56","date_gmt":"2026-01-23T11:37:56","guid":{"rendered":"http:\/\/10.6.201.155\/?post_type=product&#038;p=53955"},"modified":"2026-05-15T01:32:07","modified_gmt":"2026-05-14T23:32:07","slug":"pl-215","status":"publish","type":"product","link":"https:\/\/www.fassabortolo.it\/de\/produkte\/sistema-fassacolour\/farbanstriche\/pl-215","title":{"rendered":"PL 215"},"content":{"rendered":"","protected":false},"featured_media":0,"template":"","class_list":["post-3498507","product","type-product","status-publish","hentry"],"acf":[],"fimg":{"url":"https:\/\/www.fassabortolo.it\/wp-content\/uploads\/media\/assets\/PL_215.jpg","alt":"PL 215"},"product_description":["Waschfester wasserbasierter Anstrich mit guter Deckkraft"],"ekr_hierarchy_settings":{"it":{"FASSA_LINEA_PITTURE_SISTEMA_COLORE":{"ekr_position":11}},"lu":{"FASSA_LINEA_PITTURE_SISTEMA_COLORE":{"ekr_position":7}}},"lang":{"language_code":"de","locale":"de_DE","text_direction":false,"display_name":"Deutsch","native_name":"Tedesco","different_language":false},"systems":[{"id":3497509,"name":"FASSACOLOUR\u00ae-System","permalink":"https:\/\/www.fassabortolo.it\/de\/produkte\/sistema-fassacolour\/","slug":"sistema-fassacolour","ekr_pallet_code":"FASSA_SISTEMA_COLORE_FASSACOLOUR"}],"product_pallet_code":"PROD_PL_215","lines":[{"id":3497479,"name":"FARBANSTRICHE","permalink":"https:\/\/www.fassabortolo.it\/de\/produkte\/\/farbanstriche\/","slug":"farbanstriche","system_codes":["FASSA_SISTEMA_COLORE_FASSACOLOUR"],"ekr_pallet_code":"FASSA_LINEA_PITTURE_SISTEMA_COLORE"}],"use":["PL 215 wird verwendet als halbmatter Innenanstrich, geeignet f\u00fcr jede Art von rohverputztem Mauerwerk (Kalk oder Kalk-Zement), auf \"Malta Fina\", Gips, auf Gipskarton usw.. &nbsp; Es handelt sich um einen hochdeckenden Anstrich, die den behandelten Fl\u00e4chen guten Schutz bietet."],"supply":["Abpackungen zu 14 l, zu 5 l sowie Kartonschachteln mit jeweils 6 St\u00fcck zu 1 l. &nbsp; Je nach Bestimmungsland k\u00f6nnten einige Verkaufsformate nicht erh\u00e4ltlich sein","Mit dem Farbmischsystem ColorLife realisierbare Farbt\u00f6ne"],"attributes":{"Attributes_1":{"WASCHFESTE WASSERBASIERTE ANSTRICHE":"Waschfeste wasserbasierte Anstriche"},"Attributes_2":{"INNENBEREICH":"Innenbereich"}},"___attributes":{"FASSA":{"FASSA_SISTEMA_COLORE_FASSACOLOUR":{"Attributes_1":["Waschfeste wasserbasierte Anstriche"],"Attributes_2":["Innenbereich"]}}},"elastic_market_index":"it","structured_data":{"@context":"https:\/\/schema.org","@type":"Product","name":"PL 215","description":["Waschfester wasserbasierter Anstrich mit guter Deckkraft"],"url":"https:\/\/www.fassabortolo.it\/de\/produkte\/sistema-fassacolour\/farbanstriche\/pl-215","identifier":"PROD_PL_215","sku":"PROD_PL_215","image":"https:\/\/www.fassabortolo.it\/wp-content\/uploads\/media\/assets\/PL_215.jpg","brand":{"@type":"Brand","name":"Fassa Bortolo"},"manufacturer":{"@type":"Organization","name":"Fassa Bortolo","url":"https:\/\/www.fassabortolo.it"},"additionalProperty":[{"@type":"PropertyValue","name":"Use Case 1","value":"PL 215 wird verwendet als halbmatter Innenanstrich, geeignet f\u00fcr jede Art von rohverputztem Mauerwerk (Kalk oder Kalk-Zement), auf \"Malta Fina\", Gips, auf Gipskarton usw.. &nbsp; Es handelt sich um einen hochdeckenden Anstrich, die den behandelten Fl\u00e4chen guten Schutz bietet."},{"@type":"PropertyValue","name":"Supply Information","value":"Abpackungen zu 14 l, zu 5 l sowie Kartonschachteln mit jeweils 6 St\u00fcck zu 1 l. &nbsp; Je nach Bestimmungsland k\u00f6nnten einige Verkaufsformate nicht erh\u00e4ltlich sein"},{"@type":"PropertyValue","name":"Supply Information","value":"Mit dem Farbmischsystem ColorLife realisierbare Farbt\u00f6ne"},{"@type":"PropertyValue","name":"Attributes_1","value":"Waschfeste wasserbasierte Anstriche"},{"@type":"PropertyValue","name":"Attributes_2","value":"Innenbereich"}],"category":[{"@type":"ProductCollection","name":"FARBANSTRICHE","identifier":"FASSA_LINEA_PITTURE_SISTEMA_COLORE"},{"@type":"Collection","name":"FASSACOLOUR\u00ae-System","identifier":"FASSA_SISTEMA_COLORE_FASSACOLOUR"}],"inLanguage":"de"},"_links":{"self":[{"href":"https:\/\/www.fassabortolo.it\/de\/wp-json\/wp\/v2\/product\/3498507","targetHints":{"allow":["GET"]}}],"collection":[{"href":"https:\/\/www.fassabortolo.it\/de\/wp-json\/wp\/v2\/product"}],"about":[{"href":"https:\/\/www.fassabortolo.it\/de\/wp-json\/wp\/v2\/types\/product"}],"wp:attachment":[{"href":"https:\/\/www.fassabortolo.it\/de\/wp-json\/wp\/v2\/media?parent=3498507"}],"curies":[{"name":"wp","href":"https:\/\/api.w.org\/{rel}","templated":true}]}}