{"id":3498508,"date":"2026-01-23T12:36:55","date_gmt":"2026-01-23T11:36:55","guid":{"rendered":"http:\/\/10.6.201.155\/?post_type=product&#038;p=53957"},"modified":"2026-04-23T10:36:41","modified_gmt":"2026-04-23T08:36:41","slug":"pb-260-active","status":"publish","type":"product","link":"https:\/\/www.fassabortolo.it\/de\/produkte\/sistema-fassacolour\/farbanstriche\/pb-260-active","title":{"rendered":"PB 260 ACTIVE"},"content":{"rendered":"","protected":false},"featured_media":0,"template":"","class_list":["post-3498508","product","type-product","status-publish","hentry"],"acf":[],"fimg":{"url":"https:\/\/www.fassabortolo.it\/wp-content\/uploads\/media\/assets\/PB_260_ACTIVE.jpg","alt":"PB 260 ACTIVE"},"product_description":["Superdeckender wasserbasierter Anstrich mit gesch\u00fctztem Film"],"ekr_hierarchy_settings":{"it":{"FASSA_LINEA_PITTURE_SISTEMA_COLORE":{"ekr_position":10}},"lu":{"FASSA_LINEA_PITTURE_SISTEMA_COLORE":{"ekr_position":9}}},"lang":{"language_code":"de","locale":"de_DE","text_direction":false,"display_name":"Deutsch","native_name":"Tedesco","different_language":false},"systems":[{"id":3497509,"name":"FASSACOLOUR\u00ae-System","permalink":"https:\/\/www.fassabortolo.it\/de\/produkte\/sistema-fassacolour\/","slug":"sistema-fassacolour","ekr_pallet_code":"FASSA_SISTEMA_COLORE_FASSACOLOUR"}],"product_pallet_code":"PROD_PB_260_ACTIVE","lines":[{"id":3497479,"name":"FARBANSTRICHE","permalink":"https:\/\/www.fassabortolo.it\/de\/produkte\/\/farbanstriche\/","slug":"farbanstriche","system_codes":["FASSA_SISTEMA_COLORE_FASSACOLOUR"],"ekr_pallet_code":"FASSA_LINEA_PITTURE_SISTEMA_COLORE"}],"use":["PB 260 ACTIVE findet Verwendung im Innenbereich als spezieller Anstrich auf Wasserbasis, matt und diffusionsoffen, wenn ein vor dem Aufkommen eines breiten Artenspektrums an Schimmelpilzen gesch\u00fctztes Produkt erforderlich ist. &nbsp; Dank seiner einfachen Anwendbarkeit eignet sich das Produkt auf Mauerwerksuntergr\u00fcnden aller Art, so auch auf makropor\u00f6sen Untergr\u00fcnden, auf rohverputzten Untergr\u00fcnden auf der Basis von Kalk, von Kalk-Zement und hydraulischem Naturkalk, sowie auch auf Untergr\u00fcnden aus Gips und Gipskarton."],"supply":["Abpackungen zu 14 l, zu 5 l sowie Kartonschachteln mit jeweils 6 St\u00fcck zu 1 l. &nbsp; Je nach Bestimmungsland k\u00f6nnten einige Verkaufsformate nicht erh\u00e4ltlich sein","Mit dem Farbmischsystem ColorLife realisierbare Farbt\u00f6ne"],"attributes":{"Attributes_1":{"WASSERBASIERTE HOCHDECKENDE ANSTRICHE":"Wasserbasierte hochdeckende Anstriche","DIFFUSIONSOFFENE WASSERBASIERTE ANSTRICHE":"Diffusionsoffene wasserbasierte Anstriche","WASSERBASIERTE ANSTRICHE MIT SCHUTZFILM":"Wasserbasierte Anstriche mit Schutzfilm"},"Attributes_2":{"INNENBEREICH":"Innenbereich"}},"___attributes":{"FASSA":{"FASSA_SISTEMA_COLORE_FASSACOLOUR":{"Attributes_1":["Wasserbasierte hochdeckende Anstriche","Diffusionsoffene wasserbasierte Anstriche","Wasserbasierte Anstriche mit Schutzfilm"],"Attributes_2":["Innenbereich"]}}},"elastic_market_index":"it","structured_data":{"@context":"https:\/\/schema.org","@type":"Product","name":"PB 260 ACTIVE","description":["Superdeckender wasserbasierter Anstrich mit gesch\u00fctztem Film"],"url":"https:\/\/www.fassabortolo.it\/de\/produkte\/sistema-fassacolour\/farbanstriche\/pb-260-active","identifier":"PROD_PB_260_ACTIVE","sku":"PROD_PB_260_ACTIVE","image":"https:\/\/www.fassabortolo.it\/wp-content\/uploads\/media\/assets\/PB_260_ACTIVE.jpg","brand":{"@type":"Brand","name":"Fassa Bortolo"},"manufacturer":{"@type":"Organization","name":"Fassa Bortolo","url":"https:\/\/www.fassabortolo.it"},"additionalProperty":[{"@type":"PropertyValue","name":"Use Case 1","value":"PB 260 ACTIVE findet Verwendung im Innenbereich als spezieller Anstrich auf Wasserbasis, matt und diffusionsoffen, wenn ein vor dem Aufkommen eines breiten Artenspektrums an Schimmelpilzen gesch\u00fctztes Produkt erforderlich ist. &nbsp; Dank seiner einfachen Anwendbarkeit eignet sich das Produkt auf Mauerwerksuntergr\u00fcnden aller Art, so auch auf makropor\u00f6sen Untergr\u00fcnden, auf rohverputzten Untergr\u00fcnden auf der Basis von Kalk, von Kalk-Zement und hydraulischem Naturkalk, sowie auch auf Untergr\u00fcnden aus Gips und Gipskarton."},{"@type":"PropertyValue","name":"Supply Information","value":"Abpackungen zu 14 l, zu 5 l sowie Kartonschachteln mit jeweils 6 St\u00fcck zu 1 l. &nbsp; Je nach Bestimmungsland k\u00f6nnten einige Verkaufsformate nicht erh\u00e4ltlich sein"},{"@type":"PropertyValue","name":"Supply Information","value":"Mit dem Farbmischsystem ColorLife realisierbare Farbt\u00f6ne"},{"@type":"PropertyValue","name":"Attributes_1","value":"Wasserbasierte hochdeckende Anstriche"},{"@type":"PropertyValue","name":"Attributes_1","value":"Diffusionsoffene wasserbasierte Anstriche"},{"@type":"PropertyValue","name":"Attributes_1","value":"Wasserbasierte Anstriche mit Schutzfilm"},{"@type":"PropertyValue","name":"Attributes_2","value":"Innenbereich"}],"category":[{"@type":"ProductCollection","name":"FARBANSTRICHE","identifier":"FASSA_LINEA_PITTURE_SISTEMA_COLORE"},{"@type":"Collection","name":"FASSACOLOUR\u00ae-System","identifier":"FASSA_SISTEMA_COLORE_FASSACOLOUR"}],"inLanguage":"de"},"_links":{"self":[{"href":"https:\/\/www.fassabortolo.it\/de\/wp-json\/wp\/v2\/product\/3498508","targetHints":{"allow":["GET"]}}],"collection":[{"href":"https:\/\/www.fassabortolo.it\/de\/wp-json\/wp\/v2\/product"}],"about":[{"href":"https:\/\/www.fassabortolo.it\/de\/wp-json\/wp\/v2\/types\/product"}],"wp:attachment":[{"href":"https:\/\/www.fassabortolo.it\/de\/wp-json\/wp\/v2\/media?parent=3498508"}],"curies":[{"name":"wp","href":"https:\/\/api.w.org\/{rel}","templated":true}]}}