{"id":3498509,"date":"2026-01-23T12:39:06","date_gmt":"2026-01-23T11:39:06","guid":{"rendered":"http:\/\/10.6.201.155\/?post_type=product&#038;p=53958"},"modified":"2026-04-23T10:36:51","modified_gmt":"2026-04-23T08:36:51","slug":"ps-403","status":"publish","type":"product","link":"https:\/\/www.fassabortolo.it\/de\/produkte\/sistema-fassacolour\/farbanstriche\/ps-403","title":{"rendered":"PS 403"},"content":{"rendered":"","protected":false},"featured_media":0,"template":"","class_list":["post-3498509","product","type-product","status-publish","hentry"],"acf":[],"fimg":{"url":"https:\/\/www.fassabortolo.it\/wp-content\/uploads\/media\/assets\/PS_403.jpg","alt":"PS 403"},"product_description":["Hoch diffusionsoffener Anstrich"],"ekr_hierarchy_settings":{"it":{"FASSA_LINEA_PITTURE_SISTEMA_COLORE":{"ekr_position":2}},"es":{"FASSAES_LINEA_PITTURE_SISTEMA_COLORE":{"ekr_position":5}},"lu":{"FASSA_LINEA_PITTURE_SISTEMA_COLORE":{"ekr_position":6}}},"lang":{"language_code":"de","locale":"de_DE","text_direction":false,"display_name":"Deutsch","native_name":"Tedesco","different_language":false},"systems":[{"id":3497509,"name":"FASSACOLOUR\u00ae-System","permalink":"https:\/\/www.fassabortolo.it\/de\/produkte\/sistema-fassacolour\/","slug":"sistema-fassacolour","ekr_pallet_code":"FASSA_SISTEMA_COLORE_FASSACOLOUR"}],"product_pallet_code":"PROD_PS_403","lines":[{"id":3497479,"name":"FARBANSTRICHE","permalink":"https:\/\/www.fassabortolo.it\/de\/produkte\/\/farbanstriche\/","slug":"farbanstriche","system_codes":["FASSA_SISTEMA_COLORE_FASSACOLOUR"],"ekr_pallet_code":"FASSA_LINEA_PITTURE_SISTEMA_COLORE"}],"use":["PS 403 ist ein diffusionsoffener und dekorativer Au\u00dfenanstrich von mineralischem Aussehen. &nbsp; Aufgrund der Natur der verwendeten Rohstoffe eignet sich PS 403 zur Anwendung auf Au\u00dfendeckputzen aller Art, im Besonderen auf Saniersystemen (inklusive jene mit Entfeuchtungseffekt) und immer dann, wenn hohe Diffusionsoffenheit, Wasserabweisung und gute Witterungsbest\u00e4ndigkeit erforderlich sind."],"supply":["Abpackungen zu 14 l und Kartonschachteln zu jeweils 6 St\u00fcck zu 1 l.Je nach Bestimmungsort sind einige Verkaufsformate eventuell nicht verf\u00fcgbar.","Mit dem Farbmischsystem ColorLife realisierbare Farbt\u00f6ne"],"attributes":{"Attributes_1":{"DIFFUSIONSOFFENE WASSERBASIERTE ANSTRICHE":"Diffusionsoffene wasserbasierte Anstriche","WASSERBASIERTE ANSTRICHE MIT SCHUTZFILM":"Wasserbasierte Anstriche mit Schutzfilm"},"Attributes_2":{"AUSSENBEREICH":"Au\u00dfenbereich"}},"___attributes":{"FASSAES":{"FASSA_SISTEMA_COLORE_FASSACOLOUR":{"Attributes_1":["Diffusionsoffene wasserbasierte Anstriche","Wasserbasierte Anstriche mit Schutzfilm"],"Attributes_2":["Au\u00dfenbereich"]}},"FASSA":{"FASSA_SISTEMA_COLORE_FASSACOLOUR":{"Attributes_1":["Diffusionsoffene wasserbasierte Anstriche","Wasserbasierte Anstriche mit Schutzfilm"],"Attributes_2":["Au\u00dfenbereich"]}}},"elastic_market_index":"it","structured_data":{"@context":"https:\/\/schema.org","@type":"Product","name":"PS 403","description":["Hoch diffusionsoffener Anstrich"],"url":"https:\/\/www.fassabortolo.it\/de\/produkte\/sistema-fassacolour\/farbanstriche\/ps-403","identifier":"PROD_PS_403","sku":"PROD_PS_403","image":"https:\/\/www.fassabortolo.it\/wp-content\/uploads\/media\/assets\/PS_403.jpg","brand":{"@type":"Brand","name":"Fassa Bortolo"},"manufacturer":{"@type":"Organization","name":"Fassa Bortolo","url":"https:\/\/www.fassabortolo.it"},"additionalProperty":[{"@type":"PropertyValue","name":"Use Case 1","value":"PS 403 ist ein diffusionsoffener und dekorativer Au\u00dfenanstrich von mineralischem Aussehen. &nbsp; Aufgrund der Natur der verwendeten Rohstoffe eignet sich PS 403 zur Anwendung auf Au\u00dfendeckputzen aller Art, im Besonderen auf Saniersystemen (inklusive jene mit Entfeuchtungseffekt) und immer dann, wenn hohe Diffusionsoffenheit, Wasserabweisung und gute Witterungsbest\u00e4ndigkeit erforderlich sind."},{"@type":"PropertyValue","name":"Supply Information","value":"Abpackungen zu 14 l und Kartonschachteln zu jeweils 6 St\u00fcck zu 1 l.Je nach Bestimmungsort sind einige Verkaufsformate eventuell nicht verf\u00fcgbar."},{"@type":"PropertyValue","name":"Supply Information","value":"Mit dem Farbmischsystem ColorLife realisierbare Farbt\u00f6ne"},{"@type":"PropertyValue","name":"Attributes_1","value":"Diffusionsoffene wasserbasierte Anstriche"},{"@type":"PropertyValue","name":"Attributes_1","value":"Wasserbasierte Anstriche mit Schutzfilm"},{"@type":"PropertyValue","name":"Attributes_2","value":"Au\u00dfenbereich"}],"category":[{"@type":"ProductCollection","name":"FARBANSTRICHE","identifier":"FASSA_LINEA_PITTURE_SISTEMA_COLORE"},{"@type":"Collection","name":"FASSACOLOUR\u00ae-System","identifier":"FASSA_SISTEMA_COLORE_FASSACOLOUR"}],"inLanguage":"de"},"_links":{"self":[{"href":"https:\/\/www.fassabortolo.it\/de\/wp-json\/wp\/v2\/product\/3498509","targetHints":{"allow":["GET"]}}],"collection":[{"href":"https:\/\/www.fassabortolo.it\/de\/wp-json\/wp\/v2\/product"}],"about":[{"href":"https:\/\/www.fassabortolo.it\/de\/wp-json\/wp\/v2\/types\/product"}],"wp:attachment":[{"href":"https:\/\/www.fassabortolo.it\/de\/wp-json\/wp\/v2\/media?parent=3498509"}],"curies":[{"name":"wp","href":"https:\/\/api.w.org\/{rel}","templated":true}]}}