{"id":3498511,"date":"2026-01-23T12:43:22","date_gmt":"2026-01-23T11:43:22","guid":{"rendered":"http:\/\/10.6.201.155\/?post_type=product&#038;p=53963"},"modified":"2026-05-15T01:33:16","modified_gmt":"2026-05-14T23:33:16","slug":"rapid-maxi-s1","status":"publish","type":"product","link":"https:\/\/www.fassabortolo.it\/de\/produkte\/verlegesystem-fur-boden-und-wandbelage\/fassacol-klebstoffe\/rapid-maxi-s1","title":{"rendered":"RAPID MAXI S1"},"content":{"rendered":"","protected":false},"featured_media":0,"template":"","class_list":["post-3498511","product","type-product","status-publish","hentry"],"acf":[],"fimg":{"url":"https:\/\/www.fassabortolo.it\/wp-content\/uploads\/media\/assets\/RAPID_MAXI_S1.jpg","alt":"RAPID MAXI S1"},"product_description":["Einkomponentiger Schnellkleber mit guter Elastizit\u00e4t in extrawei\u00df und grau, f\u00fcr Boden- und Wandbel\u00e4ge im Au\u00dfen- und Innenbereich"],"ekr_hierarchy_settings":{"it":{"FASSA_LINEA_FASSACOL_ADESIVI_SISTEMA_POSA":{"ekr_position":1}},"ch":{"FASSA_LINEA_FASSACOL_ADESIVI_SISTEMA_POSA":{"ekr_position":3}},"es":{"FASSAES_LINEA_FASSACOL_ADESIVI_SISTEMA_POSA":{"ekr_position":2}},"lu":{"FASSA_LINEA_FASSACOL_ADESIVI_SISTEMA_POSA":{"ekr_position":3}}},"lang":{"language_code":"de","locale":"de_DE","text_direction":false,"display_name":"Deutsch","native_name":"Tedesco","different_language":false},"systems":[{"id":3497517,"name":"VERLEGESYSTEM F\u00dcR BODEN- UND WANDBEL\u00c4GE","permalink":"https:\/\/www.fassabortolo.it\/de\/produkte\/verlegesystem-fur-boden-und-wandbelage\/","slug":"verlegesystem-fur-boden-und-wandbelage","ekr_pallet_code":"FASSA_SISTEMA_POSA_PAVIMENTI_E_RIVESTIMENTI"}],"product_pallet_code":"PROD_RAPID_MAXI_S1","lines":[{"id":3497452,"name":"FASSACOL &#8211; KLEBSTOFFE","permalink":"https:\/\/www.fassabortolo.it\/de\/produkte\/\/fassacol-klebstoffe\/","slug":"fassacol-klebstoffe","system_codes":["FASSA_SISTEMA_POSA_PAVIMENTI_E_RIVESTIMENTI"],"ekr_pallet_code":"FASSA_LINEA_FASSACOL_ADESIVI_SISTEMA_POSA"}],"use":["RAPID MAXI S1 ist dank seiner Formulierung besonders f\u00fcr die Verlegung von Natur- und Kunststeinmaterialien geeignet, die m\u00e4\u00dfig fleckempfindlich und feuchtigkeitsbest\u00e4ndig sind. &nbsp; Ideal f\u00fcr Restaurierungs-, Reparatur- und Verlegearbeiten, wo eine rasche Inbetriebnahme der R\u00e4umlichkeiten f\u00fcr jeglichen Verwendungszweck erforderlich ist. &nbsp; Ferner wird dieser Kleber im Innen- und Au\u00dfenbereich zum Verkleben von Keramikfliesen, Mosaik, Klinker, Steizeug, Feinsteinzeug und Cotto auf Wand- und Bodenfl\u00e4chen verwendet. &nbsp; \u00dcntergr\u00fcnde k\u00f6nnen sein: Grundputze auf Kalk-, Zement-, Gipsbasis sowie Putzm\u00f6rtel, gut ausgeh\u00e4rtete und trockene Estriche auf Zement- oder Anhydritbasis, gut ausgeh\u00e4rtete Betonsohlen, Gipskarton, zement\u00f6se Dichtbahnen und bestehende Fu\u00dfb\u00f6den. &nbsp; Geeignet f\u00fcr die Verlegung auf Putzgr\u00fcnden und Estrichen mit einer Heiz-\/K\u00fchlanlage sowie in Schwimmbecken.","<\/br> Dank der ausgezeichneten Kompatibilit\u00e4t der Materialien ist das Produkt in h\u00f6chstem Ma\u00dfe auf Estrichen vom Typ SA 500, E 439, FASSAFLOOR SV 472 PRO, SR 450, LEGEO MIX oder FASSAFLOOR THERM, auf mit dem Bindemittel FASSACEM angefertigten Estrichen, auf den Dichtstoffen der Linie AQUAZIP sowie auf Bauplatten des Gipskartonsystems GYPSOTECH geeignet."],"supply":["In feuchtigkeitsgesch\u00fctzten Spezials\u00e4cken zu ca. 25 kg"],"attributes":{"Attributes_1":{"ZEMENTGEBUNDENE KLEBSTOFFE MIT SCHNELLEM ABBINDEN":"Zementgebundene Klebstoffe mit schnellem Abbinden"},"Attributes_2":{"AUSSENBEREICH":"Au\u00dfenbereich","INNENBEREICH":"Innenbereich"}},"___attributes":{"FASSAES":{"FASSA_SISTEMA_POSA_PAVIMENTI_E_RIVESTIMENTI":{"Attributes_1":["Zementgebundene Klebstoffe mit schnellem Abbinden"],"Attributes_2":["Au\u00dfenbereich","Innenbereich"]}},"FASSA":{"FASSA_SISTEMA_POSA_PAVIMENTI_E_RIVESTIMENTI":{"Attributes_1":["Zementgebundene Klebstoffe mit schnellem Abbinden"],"Attributes_2":["Au\u00dfenbereich","Innenbereich"]}}},"elastic_market_index":"it","structured_data":{"@context":"https:\/\/schema.org","@type":"Product","name":"RAPID MAXI S1","description":["Einkomponentiger Schnellkleber mit guter Elastizit\u00e4t in extrawei\u00df und grau, f\u00fcr Boden- und Wandbel\u00e4ge im Au\u00dfen- und Innenbereich"],"url":"https:\/\/www.fassabortolo.it\/de\/produkte\/verlegesystem-fur-boden-und-wandbelage\/fassacol-klebstoffe\/rapid-maxi-s1","identifier":"PROD_RAPID_MAXI_S1","sku":"PROD_RAPID_MAXI_S1","image":"https:\/\/www.fassabortolo.it\/wp-content\/uploads\/media\/assets\/RAPID_MAXI_S1.jpg","brand":{"@type":"Brand","name":"Fassa Bortolo"},"manufacturer":{"@type":"Organization","name":"Fassa Bortolo","url":"https:\/\/www.fassabortolo.it"},"additionalProperty":[{"@type":"PropertyValue","name":"Use Case 1","value":"RAPID MAXI S1 ist dank seiner Formulierung besonders f\u00fcr die Verlegung von Natur- und Kunststeinmaterialien geeignet, die m\u00e4\u00dfig fleckempfindlich und feuchtigkeitsbest\u00e4ndig sind. &nbsp; Ideal f\u00fcr Restaurierungs-, Reparatur- und Verlegearbeiten, wo eine rasche Inbetriebnahme der R\u00e4umlichkeiten f\u00fcr jeglichen Verwendungszweck erforderlich ist. &nbsp; Ferner wird dieser Kleber im Innen- und Au\u00dfenbereich zum Verkleben von Keramikfliesen, Mosaik, Klinker, Steizeug, Feinsteinzeug und Cotto auf Wand- und Bodenfl\u00e4chen verwendet. &nbsp; \u00dcntergr\u00fcnde k\u00f6nnen sein: Grundputze auf Kalk-, Zement-, Gipsbasis sowie Putzm\u00f6rtel, gut ausgeh\u00e4rtete und trockene Estriche auf Zement- oder Anhydritbasis, gut ausgeh\u00e4rtete Betonsohlen, Gipskarton, zement\u00f6se Dichtbahnen und bestehende Fu\u00dfb\u00f6den. &nbsp; Geeignet f\u00fcr die Verlegung auf Putzgr\u00fcnden und Estrichen mit einer Heiz-\/K\u00fchlanlage sowie in Schwimmbecken."},{"@type":"PropertyValue","name":"Use Case 2","value":"<\/br> Dank der ausgezeichneten Kompatibilit\u00e4t der Materialien ist das Produkt in h\u00f6chstem Ma\u00dfe auf Estrichen vom Typ SA 500, E 439, FASSAFLOOR SV 472 PRO, SR 450, LEGEO MIX oder FASSAFLOOR THERM, auf mit dem Bindemittel FASSACEM angefertigten Estrichen, auf den Dichtstoffen der Linie AQUAZIP sowie auf Bauplatten des Gipskartonsystems GYPSOTECH geeignet."},{"@type":"PropertyValue","name":"Supply Information","value":"In feuchtigkeitsgesch\u00fctzten Spezials\u00e4cken zu ca. 25 kg"},{"@type":"PropertyValue","name":"Attributes_1","value":"Zementgebundene Klebstoffe mit schnellem Abbinden"},{"@type":"PropertyValue","name":"Attributes_2","value":"Au\u00dfenbereich"},{"@type":"PropertyValue","name":"Attributes_2","value":"Innenbereich"}],"category":[{"@type":"ProductCollection","name":"FASSACOL &#8211; KLEBSTOFFE","identifier":"FASSA_LINEA_FASSACOL_ADESIVI_SISTEMA_POSA"},{"@type":"Collection","name":"VERLEGESYSTEM F\u00dcR BODEN- UND WANDBEL\u00c4GE","identifier":"FASSA_SISTEMA_POSA_PAVIMENTI_E_RIVESTIMENTI"}],"inLanguage":"de"},"_links":{"self":[{"href":"https:\/\/www.fassabortolo.it\/de\/wp-json\/wp\/v2\/product\/3498511","targetHints":{"allow":["GET"]}}],"collection":[{"href":"https:\/\/www.fassabortolo.it\/de\/wp-json\/wp\/v2\/product"}],"about":[{"href":"https:\/\/www.fassabortolo.it\/de\/wp-json\/wp\/v2\/types\/product"}],"wp:attachment":[{"href":"https:\/\/www.fassabortolo.it\/de\/wp-json\/wp\/v2\/media?parent=3498511"}],"curies":[{"name":"wp","href":"https:\/\/api.w.org\/{rel}","templated":true}]}}