{"id":3498512,"date":"2026-01-23T12:41:15","date_gmt":"2026-01-23T11:41:15","guid":{"rendered":"http:\/\/10.6.201.155\/?post_type=product&#038;p=53964"},"modified":"2026-05-15T01:32:27","modified_gmt":"2026-05-14T23:32:27","slug":"pt-213","status":"publish","type":"product","link":"https:\/\/www.fassabortolo.it\/de\/produkte\/sistema-fassacolour\/farbanstriche\/pt-213","title":{"rendered":"PT 213"},"content":{"rendered":"","protected":false},"featured_media":0,"template":"","class_list":["post-3498512","product","type-product","status-publish","hentry"],"acf":[],"fimg":{"url":"https:\/\/www.fassabortolo.it\/wp-content\/uploads\/media\/assets\/PT_213.jpg","alt":"PT 213"},"product_description":["Hochwertiger deckender wasserbasierter Anstrich"],"ekr_hierarchy_settings":{"it":{"FASSA_LINEA_PITTURE_SISTEMA_COLORE":{"ekr_position":12}},"ch":{"FASSA_LINEA_PITTURE_SISTEMA_COLORE":{"ekr_position":5}},"lu":{"FASSA_LINEA_PITTURE_SISTEMA_COLORE":{"ekr_position":5}}},"lang":{"language_code":"de","locale":"de_DE","text_direction":false,"display_name":"Deutsch","native_name":"Tedesco","different_language":false},"systems":[{"id":3497509,"name":"FASSACOLOUR\u00ae-System","permalink":"https:\/\/www.fassabortolo.it\/de\/produkte\/sistema-fassacolour\/","slug":"sistema-fassacolour","ekr_pallet_code":"FASSA_SISTEMA_COLORE_FASSACOLOUR"}],"product_pallet_code":"PROD_PT_213","lines":[{"id":3497479,"name":"FARBANSTRICHE","permalink":"https:\/\/www.fassabortolo.it\/de\/produkte\/\/farbanstriche\/","slug":"farbanstriche","system_codes":["FASSA_SISTEMA_COLORE_FASSACOLOUR"],"ekr_pallet_code":"FASSA_LINEA_PITTURE_SISTEMA_COLORE"}],"use":["PT 213 wird als matter Innenanstrich verwendet und verf\u00fcgt \u00fcber ausgezeichnete Diffusionsoffenheit, geeignet f\u00fcr jede Art von Wandunterlage auch von makropor\u00f6ser Natur, rohverputzt (Kalk oder Kalk-Zement), auf \"Malta Fina\", auf Gips, Gipskarton usw.. &nbsp; Verleiht den Wandfl\u00e4chen Homogenit\u00e4t, eine ansprechende \u00c4sthetik und ausgezeichnete Deckung."],"supply":["Abpackungen zu 14 l, zu 5 l sowie Kartonschachteln mit jeweils 6 St\u00fcck zu 1 l. &nbsp; Je nach Bestimmungsland k\u00f6nnten einige Verkaufsformate nicht erh\u00e4ltlich sein","Mit dem Farbmischsystem ColorLife realisierbare Farbt\u00f6ne"],"attributes":{"Attributes_1":{"WASSERBASIERTE HOCHDECKENDE ANSTRICHE":"Wasserbasierte hochdeckende Anstriche","DIFFUSIONSOFFENE WASSERBASIERTE ANSTRICHE":"Diffusionsoffene wasserbasierte Anstriche"},"Attributes_2":{"INNENBEREICH":"Innenbereich"}},"___attributes":{"FASSA":{"FASSA_SISTEMA_COLORE_FASSACOLOUR":{"Attributes_1":["Wasserbasierte hochdeckende Anstriche","Diffusionsoffene wasserbasierte Anstriche"],"Attributes_2":["Innenbereich"]}}},"elastic_market_index":"it","structured_data":{"@context":"https:\/\/schema.org","@type":"Product","name":"PT 213","description":["Hochwertiger deckender wasserbasierter Anstrich"],"url":"https:\/\/www.fassabortolo.it\/de\/produkte\/sistema-fassacolour\/farbanstriche\/pt-213","identifier":"PROD_PT_213","sku":"PROD_PT_213","image":"https:\/\/www.fassabortolo.it\/wp-content\/uploads\/media\/assets\/PT_213.jpg","brand":{"@type":"Brand","name":"Fassa Bortolo"},"manufacturer":{"@type":"Organization","name":"Fassa Bortolo","url":"https:\/\/www.fassabortolo.it"},"additionalProperty":[{"@type":"PropertyValue","name":"Use Case 1","value":"PT 213 wird als matter Innenanstrich verwendet und verf\u00fcgt \u00fcber ausgezeichnete Diffusionsoffenheit, geeignet f\u00fcr jede Art von Wandunterlage auch von makropor\u00f6ser Natur, rohverputzt (Kalk oder Kalk-Zement), auf \"Malta Fina\", auf Gips, Gipskarton usw.. &nbsp; Verleiht den Wandfl\u00e4chen Homogenit\u00e4t, eine ansprechende \u00c4sthetik und ausgezeichnete Deckung."},{"@type":"PropertyValue","name":"Supply Information","value":"Abpackungen zu 14 l, zu 5 l sowie Kartonschachteln mit jeweils 6 St\u00fcck zu 1 l. &nbsp; Je nach Bestimmungsland k\u00f6nnten einige Verkaufsformate nicht erh\u00e4ltlich sein"},{"@type":"PropertyValue","name":"Supply Information","value":"Mit dem Farbmischsystem ColorLife realisierbare Farbt\u00f6ne"},{"@type":"PropertyValue","name":"Attributes_1","value":"Wasserbasierte hochdeckende Anstriche"},{"@type":"PropertyValue","name":"Attributes_1","value":"Diffusionsoffene wasserbasierte Anstriche"},{"@type":"PropertyValue","name":"Attributes_2","value":"Innenbereich"}],"category":[{"@type":"ProductCollection","name":"FARBANSTRICHE","identifier":"FASSA_LINEA_PITTURE_SISTEMA_COLORE"},{"@type":"Collection","name":"FASSACOLOUR\u00ae-System","identifier":"FASSA_SISTEMA_COLORE_FASSACOLOUR"}],"inLanguage":"de"},"_links":{"self":[{"href":"https:\/\/www.fassabortolo.it\/de\/wp-json\/wp\/v2\/product\/3498512","targetHints":{"allow":["GET"]}}],"collection":[{"href":"https:\/\/www.fassabortolo.it\/de\/wp-json\/wp\/v2\/product"}],"about":[{"href":"https:\/\/www.fassabortolo.it\/de\/wp-json\/wp\/v2\/types\/product"}],"wp:attachment":[{"href":"https:\/\/www.fassabortolo.it\/de\/wp-json\/wp\/v2\/media?parent=3498512"}],"curies":[{"name":"wp","href":"https:\/\/api.w.org\/{rel}","templated":true}]}}