{"id":3498523,"date":"2026-01-23T12:41:06","date_gmt":"2026-01-23T11:41:06","guid":{"rendered":"http:\/\/10.6.201.155\/?post_type=product&#038;p=54024"},"modified":"2026-05-15T01:32:24","modified_gmt":"2026-05-14T23:32:24","slug":"px-505","status":"publish","type":"product","link":"https:\/\/www.fassabortolo.it\/de\/produkte\/sistema-fassacolour\/farbanstriche\/px-505","title":{"rendered":"PX 505"},"content":{"rendered":"","protected":false},"featured_media":0,"template":"","class_list":["post-3498523","product","type-product","status-publish","hentry"],"acf":[],"fimg":{"url":"https:\/\/www.fassabortolo.it\/wp-content\/uploads\/media\/assets\/PX_505.jpg","alt":"PX 505"},"product_description":["F\u00fcllender Acryl-Siloxan-Anstrich"],"ekr_hierarchy_settings":{"it":{"FASSA_LINEA_PITTURE_SISTEMA_COLORE":{"ekr_position":4}},"ch":{"FASSA_LINEA_PITTURE_SISTEMA_COLORE":{"ekr_position":4}},"es":{"FASSAES_LINEA_PITTURE_SISTEMA_COLORE":{"ekr_position":4}},"lu":{"FASSA_LINEA_PITTURE_SISTEMA_COLORE":{"ekr_position":4}}},"lang":{"language_code":"de","locale":"de_DE","text_direction":false,"display_name":"Deutsch","native_name":"Tedesco","different_language":false},"systems":[{"id":3497509,"name":"FASSACOLOUR\u00ae-System","permalink":"https:\/\/www.fassabortolo.it\/de\/produkte\/sistema-fassacolour\/","slug":"sistema-fassacolour","ekr_pallet_code":"FASSA_SISTEMA_COLORE_FASSACOLOUR"}],"product_pallet_code":"PROD_PX_505","lines":[{"id":3497479,"name":"FARBANSTRICHE","permalink":"https:\/\/www.fassabortolo.it\/de\/produkte\/\/farbanstriche\/","slug":"farbanstriche","system_codes":["FASSA_SISTEMA_COLORE_FASSACOLOUR"],"ekr_pallet_code":"FASSA_LINEA_PITTURE_SISTEMA_COLORE"}],"use":["PX 505 wird als wei\u00dfer oder farbiger Dekor- und Schutzanstrich im Au\u00dfenbereich verwendet, auf frischen oder alten rohverputzten Deckputzen auf Kalk-Zementbasis, auf Beton usw.. &nbsp; Kann auch auf alten Farbanstrichen und Beschichtungen aufgetragen werden, sofern diese gut haftend, koh\u00e4rent und nicht kreidend sind."],"supply":["Abpackungen zu ca. 14 l, zu 5 l und Kartonschachteln mit jeweils 6 St\u00fcck zu 1 l. &nbsp; Je nach Bestimmungsland k\u00f6nnten einige Verkaufsformate nicht erh\u00e4ltlich sein","Mit dem Farbmischsystem ColorLife realisierbare Farbt\u00f6ne"],"attributes":{"Attributes_1":{"WASSERBASIERTE ANSTRICHE MIT SCHUTZFILM":"Wasserbasierte Anstriche mit Schutzfilm"},"Attributes_2":{"AUSSENBEREICH":"Au\u00dfenbereich"}},"___attributes":{"FASSAES":{"FASSA_SISTEMA_COLORE_FASSACOLOUR":{"Attributes_1":["Wasserbasierte Anstriche mit Schutzfilm"],"Attributes_2":["Au\u00dfenbereich"]}},"FASSA":{"FASSA_SISTEMA_COLORE_FASSACOLOUR":{"Attributes_1":["Wasserbasierte Anstriche mit Schutzfilm"],"Attributes_2":["Au\u00dfenbereich"]}}},"elastic_market_index":"it","structured_data":{"@context":"https:\/\/schema.org","@type":"Product","name":"PX 505","description":["F\u00fcllender Acryl-Siloxan-Anstrich"],"url":"https:\/\/www.fassabortolo.it\/de\/produkte\/sistema-fassacolour\/farbanstriche\/px-505","identifier":"PROD_PX_505","sku":"PROD_PX_505","image":"https:\/\/www.fassabortolo.it\/wp-content\/uploads\/media\/assets\/PX_505.jpg","brand":{"@type":"Brand","name":"Fassa Bortolo"},"manufacturer":{"@type":"Organization","name":"Fassa Bortolo","url":"https:\/\/www.fassabortolo.it"},"additionalProperty":[{"@type":"PropertyValue","name":"Use Case 1","value":"PX 505 wird als wei\u00dfer oder farbiger Dekor- und Schutzanstrich im Au\u00dfenbereich verwendet, auf frischen oder alten rohverputzten Deckputzen auf Kalk-Zementbasis, auf Beton usw.. &nbsp; Kann auch auf alten Farbanstrichen und Beschichtungen aufgetragen werden, sofern diese gut haftend, koh\u00e4rent und nicht kreidend sind."},{"@type":"PropertyValue","name":"Supply Information","value":"Abpackungen zu ca. 14 l, zu 5 l und Kartonschachteln mit jeweils 6 St\u00fcck zu 1 l. &nbsp; Je nach Bestimmungsland k\u00f6nnten einige Verkaufsformate nicht erh\u00e4ltlich sein"},{"@type":"PropertyValue","name":"Supply Information","value":"Mit dem Farbmischsystem ColorLife realisierbare Farbt\u00f6ne"},{"@type":"PropertyValue","name":"Attributes_1","value":"Wasserbasierte Anstriche mit Schutzfilm"},{"@type":"PropertyValue","name":"Attributes_2","value":"Au\u00dfenbereich"}],"category":[{"@type":"ProductCollection","name":"FARBANSTRICHE","identifier":"FASSA_LINEA_PITTURE_SISTEMA_COLORE"},{"@type":"Collection","name":"FASSACOLOUR\u00ae-System","identifier":"FASSA_SISTEMA_COLORE_FASSACOLOUR"}],"inLanguage":"de"},"_links":{"self":[{"href":"https:\/\/www.fassabortolo.it\/de\/wp-json\/wp\/v2\/product\/3498523","targetHints":{"allow":["GET"]}}],"collection":[{"href":"https:\/\/www.fassabortolo.it\/de\/wp-json\/wp\/v2\/product"}],"about":[{"href":"https:\/\/www.fassabortolo.it\/de\/wp-json\/wp\/v2\/types\/product"}],"wp:attachment":[{"href":"https:\/\/www.fassabortolo.it\/de\/wp-json\/wp\/v2\/media?parent=3498523"}],"curies":[{"name":"wp","href":"https:\/\/api.w.org\/{rel}","templated":true}]}}