{"id":3498526,"date":"2026-01-23T12:40:22","date_gmt":"2026-01-23T11:40:22","guid":{"rendered":"http:\/\/10.6.201.155\/?post_type=product&#038;p=54030"},"modified":"2026-05-15T01:33:22","modified_gmt":"2026-05-14T23:33:22","slug":"farbpasten-fur-innen","status":"publish","type":"product","link":"https:\/\/www.fassabortolo.it\/de\/produkte\/sistema-fassacolour\/komplementare-produkte\/farbpasten-fur-innen","title":{"rendered":"FARBPASTEN F\u00dcR INNEN"},"content":{"rendered":"","protected":false},"featured_media":0,"template":"","class_list":["post-3498526","product","type-product","status-publish","hentry"],"acf":[],"fimg":{"url":"https:\/\/www.fassabortolo.it\/wp-content\/uploads\/media\/assets\/PASTE_COLORANTI.jpg","alt":"FARBPASTEN F\u00dcR INNEN"},"product_description":["Wasserbasierte Farbpasten f\u00fcr das Farbmischsystem ColorLife"],"ekr_hierarchy_settings":{"it":{"FASSA_LINEA_PRODOTTI_COMPLEMENTARI_SISTEMA_COLORE":{"ekr_position":3}},"ch":{"FASSA_LINEA_PRODOTTI_COMPLEMENTARI_SISTEMA_COLORE":{"ekr_position":2}},"es":{"FASSAES_LINEA_PRODOTTI_COMPLEMENTARI_SISTEMA_COLORE":{"ekr_position":2}},"lu":{"FASSA_LINEA_PRODOTTI_COMPLEMENTARI_SISTEMA_COLORE":{"ekr_position":2}}},"lang":{"language_code":"de","locale":"de_DE","text_direction":false,"display_name":"Deutsch","native_name":"Tedesco","different_language":false},"systems":[{"id":3497509,"name":"FASSACOLOUR\u00ae-System","permalink":"https:\/\/www.fassabortolo.it\/de\/produkte\/sistema-fassacolour\/","slug":"sistema-fassacolour","ekr_pallet_code":"FASSA_SISTEMA_COLORE_FASSACOLOUR"}],"product_pallet_code":"PROD_PASTE_COLORANTI_INTERNI","lines":[{"id":3497474,"name":"KOMPLEMENT\u00c4RE PRODUKTE","permalink":"https:\/\/www.fassabortolo.it\/de\/produkte\/\/komplementare-produkte\/","slug":"komplementare-produkte","system_codes":["FASSA_SISTEMA_COLORE_FASSACOLOUR"],"ekr_pallet_code":"FASSA_LINEA_PRODOTTI_COMPLEMENTARI_SISTEMA_COLORE"}],"use":["Die sechs organischen Farbpasten eignen sich f\u00fcr die Einf\u00e4rbung der Fassa Produkte f\u00fcr den Innenbereich und erm\u00f6glichen den Erhalt einer Auswahl an leuchtenden und lebhaften Farbt\u00f6nen, angef\u00fchrt im Farbtonf\u00e4cher INLIVING PAINTS, NCS, RAL, TRENDS FOR INTERIORS, sowie aus anderen Farbt\u00f6nen, die nicht aus Farbtonf\u00e4cher oder Farbbr\u00fcchern von Fassa stammen, enthalten im Rahmen des Programms ColorLife.","Einige organische Farbpasten (*) k\u00f6nnen ferner zur Formulierung einer speziellen Auswahl an Farbt\u00f6nen f\u00fcr den Innen- und Au\u00dfenbereich verwendet werden, und zwar ausschlie\u00dflich f\u00fcr hochwertige Produkte wie FEEL TOUCH &nbsp; (Verf\u00fcgbarkeit \u00fcberpr\u00fcfen).","Farbt\u00f6ne, die diese Pasten beinhalten, werden vom Management-Programm unseres Farbmischsystems ColorLife als \"Potenziell abbaubare Farbt\u00f6ne\" signalisiert, da organische Farbstoffe bekannterweise empfindlich gegen\u00fcber dem UV-Anteil der Sonneneinstrahlung und der Alkalinit\u00e4t des Untergrunds sind."],"supply":["Gebinde zu ca. 2,5 l"],"attributes":{"Attributes_1":[],"Attributes_2":{"INNENBEREICH":"Innenbereich"}},"___attributes":{"FASSA":{"FASSA_SISTEMA_COLORE_FASSACOLOUR":{"Attributes_2":["Innenbereich"]}}},"elastic_market_index":"it","structured_data":{"@context":"https:\/\/schema.org","@type":"Product","name":"FARBPASTEN F\u00dcR INNEN","description":["Wasserbasierte Farbpasten f\u00fcr das Farbmischsystem ColorLife"],"url":"https:\/\/www.fassabortolo.it\/de\/produkte\/sistema-fassacolour\/komplementare-produkte\/farbpasten-fur-innen","identifier":"PROD_PASTE_COLORANTI_INTERNI","sku":"PROD_PASTE_COLORANTI_INTERNI","image":"https:\/\/www.fassabortolo.it\/wp-content\/uploads\/media\/assets\/PASTE_COLORANTI.jpg","brand":{"@type":"Brand","name":"Fassa Bortolo"},"manufacturer":{"@type":"Organization","name":"Fassa Bortolo","url":"https:\/\/www.fassabortolo.it"},"additionalProperty":[{"@type":"PropertyValue","name":"Use Case 1","value":"Die sechs organischen Farbpasten eignen sich f\u00fcr die Einf\u00e4rbung der Fassa Produkte f\u00fcr den Innenbereich und erm\u00f6glichen den Erhalt einer Auswahl an leuchtenden und lebhaften Farbt\u00f6nen, angef\u00fchrt im Farbtonf\u00e4cher INLIVING PAINTS, NCS, RAL, TRENDS FOR INTERIORS, sowie aus anderen Farbt\u00f6nen, die nicht aus Farbtonf\u00e4cher oder Farbbr\u00fcchern von Fassa stammen, enthalten im Rahmen des Programms ColorLife."},{"@type":"PropertyValue","name":"Use Case 2","value":"Einige organische Farbpasten (*) k\u00f6nnen ferner zur Formulierung einer speziellen Auswahl an Farbt\u00f6nen f\u00fcr den Innen- und Au\u00dfenbereich verwendet werden, und zwar ausschlie\u00dflich f\u00fcr hochwertige Produkte wie FEEL TOUCH &nbsp; (Verf\u00fcgbarkeit \u00fcberpr\u00fcfen)."},{"@type":"PropertyValue","name":"Use Case 3","value":"Farbt\u00f6ne, die diese Pasten beinhalten, werden vom Management-Programm unseres Farbmischsystems ColorLife als \"Potenziell abbaubare Farbt\u00f6ne\" signalisiert, da organische Farbstoffe bekannterweise empfindlich gegen\u00fcber dem UV-Anteil der Sonneneinstrahlung und der Alkalinit\u00e4t des Untergrunds sind."},{"@type":"PropertyValue","name":"Supply Information","value":"Gebinde zu ca. 2,5 l"},{"@type":"PropertyValue","name":"Attributes_2","value":"Innenbereich"}],"category":[{"@type":"ProductCollection","name":"KOMPLEMENT\u00c4RE PRODUKTE","identifier":"FASSA_LINEA_PRODOTTI_COMPLEMENTARI_SISTEMA_COLORE"},{"@type":"Collection","name":"FASSACOLOUR\u00ae-System","identifier":"FASSA_SISTEMA_COLORE_FASSACOLOUR"}],"inLanguage":"de"},"_links":{"self":[{"href":"https:\/\/www.fassabortolo.it\/de\/wp-json\/wp\/v2\/product\/3498526","targetHints":{"allow":["GET"]}}],"collection":[{"href":"https:\/\/www.fassabortolo.it\/de\/wp-json\/wp\/v2\/product"}],"about":[{"href":"https:\/\/www.fassabortolo.it\/de\/wp-json\/wp\/v2\/types\/product"}],"wp:attachment":[{"href":"https:\/\/www.fassabortolo.it\/de\/wp-json\/wp\/v2\/media?parent=3498526"}],"curies":[{"name":"wp","href":"https:\/\/api.w.org\/{rel}","templated":true}]}}