{"id":3498527,"date":"2026-01-23T12:44:22","date_gmt":"2026-01-23T11:44:22","guid":{"rendered":"http:\/\/10.6.201.155\/?post_type=product&#038;p=54036"},"modified":"2026-04-23T10:37:18","modified_gmt":"2026-04-23T08:37:18","slug":"rta-549","status":"publish","type":"product","link":"https:\/\/www.fassabortolo.it\/de\/produkte\/sistema-fassacolour\/strukturbeschichtungen\/rta-549","title":{"rendered":"RTA 549"},"content":{"rendered":"","protected":false},"featured_media":0,"template":"","class_list":["post-3498527","product","type-product","status-publish","hentry"],"acf":[],"fimg":{"url":"https:\/\/www.fassabortolo.it\/wp-content\/uploads\/media\/assets\/RTA_549.jpg","alt":"RTA 549"},"product_description":["Strukturdeckputz auf Kunstharzbasis, geeignet f\u00fcr w\u00e4rmeged\u00e4mmte Oberfl\u00e4chen"],"ekr_hierarchy_settings":{"it":{"FASSA_LINEA_RIVESTIMENTI_A_SPESSORE_SISTEMA_COLORE":{"ekr_position":2}},"ch":{"FASSA_LINEA_RIVESTIMENTI_A_SPESSORE_SISTEMA_COLORE":{"ekr_position":2}},"es":{"FASSAES_LINEA_RIVESTIMENTI_A_SPESSORE_SISTEMA_COLORE":{"ekr_position":2}},"lu":{"FASSA_LINEA_RIVESTIMENTI_A_SPESSORE_SISTEMA_COLORE":{"ekr_position":2}}},"lang":{"language_code":"de","locale":"de_DE","text_direction":false,"display_name":"Deutsch","native_name":"Tedesco","different_language":false},"systems":[{"id":3497509,"name":"FASSACOLOUR\u00ae-System","permalink":"https:\/\/www.fassabortolo.it\/de\/produkte\/sistema-fassacolour\/","slug":"sistema-fassacolour","ekr_pallet_code":"FASSA_SISTEMA_COLORE_FASSACOLOUR"}],"product_pallet_code":"PROD_RTA_549","lines":[{"id":3497506,"name":"STRUKTURBESCHICHTUNGEN","permalink":"https:\/\/www.fassabortolo.it\/de\/produkte\/\/strukturbeschichtungen\/","slug":"strukturbeschichtungen","system_codes":["FASSA_SISTEMA_COLORE_FASSACOLOUR"],"ekr_pallet_code":"FASSA_LINEA_RIVESTIMENTI_A_SPESSORE_SISTEMA_COLORE"}],"use":["RTA 549 wird haupts\u00e4chlich als spezielle Schutz- und Dekorbeschichtung im Au\u00dfenbereich auf einer mit WDVS ged\u00e4mmten Fassade verwendet. &nbsp; Die Natur der verwendeten Rohstoffe erm\u00f6glicht das Aufbringen von RTA 549 auch auf normalen Kalk-Zementputzen, sofern man eine Beschichtung mit h\u00f6heren Leistungseigenschaften erhalten m\u00f6chte, als dies bei herk\u00f6mmlichen Kunstharzbeschichtungen der Fall ist."],"supply":["Confezioni da ca. 25 kg. Confezioni da 3 kg disponibili nelle granulometrie 1,0 mm (basi pastel e neutro) e 1,5 mm (basi pastel e neutro). In base al paese di destinazione alcuni formati di vendita potrebbero non essere disponibili","Mit dem Farbmischsystem ColorLife realisierbare Farbt\u00f6ne"],"attributes":{"Attributes_1":{"WASSERBASIERTE ANSTRICHE MIT SCHUTZFILM":"Wasserbasierte Anstriche mit Schutzfilm"},"Attributes_2":{"AUSSENBEREICH":"Au\u00dfenbereich"}},"___attributes":{"FASSAES":{"FASSA_SISTEMA_COLORE_FASSACOLOUR":{"Attributes_1":["Wasserbasierte Anstriche mit Schutzfilm"],"Attributes_2":["Au\u00dfenbereich"]}},"FASSA":{"FASSA_SISTEMA_COLORE_FASSACOLOUR":{"Attributes_1":["Wasserbasierte Anstriche mit Schutzfilm"],"Attributes_2":["Au\u00dfenbereich"]}}},"elastic_market_index":"it","structured_data":{"@context":"https:\/\/schema.org","@type":"Product","name":"RTA 549","description":["Strukturdeckputz auf Kunstharzbasis, geeignet f\u00fcr w\u00e4rmeged\u00e4mmte Oberfl\u00e4chen"],"url":"https:\/\/www.fassabortolo.it\/de\/produkte\/sistema-fassacolour\/strukturbeschichtungen\/rta-549","identifier":"PROD_RTA_549","sku":"PROD_RTA_549","image":"https:\/\/www.fassabortolo.it\/wp-content\/uploads\/media\/assets\/RTA_549.jpg","brand":{"@type":"Brand","name":"Fassa Bortolo"},"manufacturer":{"@type":"Organization","name":"Fassa Bortolo","url":"https:\/\/www.fassabortolo.it"},"additionalProperty":[{"@type":"PropertyValue","name":"Use Case 1","value":"RTA 549 wird haupts\u00e4chlich als spezielle Schutz- und Dekorbeschichtung im Au\u00dfenbereich auf einer mit WDVS ged\u00e4mmten Fassade verwendet. &nbsp; Die Natur der verwendeten Rohstoffe erm\u00f6glicht das Aufbringen von RTA 549 auch auf normalen Kalk-Zementputzen, sofern man eine Beschichtung mit h\u00f6heren Leistungseigenschaften erhalten m\u00f6chte, als dies bei herk\u00f6mmlichen Kunstharzbeschichtungen der Fall ist."},{"@type":"PropertyValue","name":"Supply Information","value":"Confezioni da ca. 25 kg. Confezioni da 3 kg disponibili nelle granulometrie 1,0 mm (basi pastel e neutro) e 1,5 mm (basi pastel e neutro). In base al paese di destinazione alcuni formati di vendita potrebbero non essere disponibili"},{"@type":"PropertyValue","name":"Supply Information","value":"Mit dem Farbmischsystem ColorLife realisierbare Farbt\u00f6ne"},{"@type":"PropertyValue","name":"Attributes_1","value":"Wasserbasierte Anstriche mit Schutzfilm"},{"@type":"PropertyValue","name":"Attributes_2","value":"Au\u00dfenbereich"}],"category":[{"@type":"ProductCollection","name":"STRUKTURBESCHICHTUNGEN","identifier":"FASSA_LINEA_RIVESTIMENTI_A_SPESSORE_SISTEMA_COLORE"},{"@type":"Collection","name":"FASSACOLOUR\u00ae-System","identifier":"FASSA_SISTEMA_COLORE_FASSACOLOUR"}],"inLanguage":"de"},"_links":{"self":[{"href":"https:\/\/www.fassabortolo.it\/de\/wp-json\/wp\/v2\/product\/3498527","targetHints":{"allow":["GET"]}}],"collection":[{"href":"https:\/\/www.fassabortolo.it\/de\/wp-json\/wp\/v2\/product"}],"about":[{"href":"https:\/\/www.fassabortolo.it\/de\/wp-json\/wp\/v2\/types\/product"}],"wp:attachment":[{"href":"https:\/\/www.fassabortolo.it\/de\/wp-json\/wp\/v2\/media?parent=3498527"}],"curies":[{"name":"wp","href":"https:\/\/api.w.org\/{rel}","templated":true}]}}