{"id":3498530,"date":"2026-01-23T12:43:21","date_gmt":"2026-01-23T11:43:21","guid":{"rendered":"http:\/\/10.6.201.155\/?post_type=product&#038;p=54053"},"modified":"2026-04-23T10:37:14","modified_gmt":"2026-04-23T08:37:14","slug":"rx-561","status":"publish","type":"product","link":"https:\/\/www.fassabortolo.it\/de\/produkte\/sistema-fassacolour\/strukturbeschichtungen\/rx-561","title":{"rendered":"RX 561"},"content":{"rendered":"","protected":false},"featured_media":0,"template":"","class_list":["post-3498530","product","type-product","status-publish","hentry"],"acf":[],"fimg":{"url":"https:\/\/www.fassabortolo.it\/wp-content\/uploads\/media\/assets\/RX_561.jpg","alt":"RX 561"},"product_description":["Kompakte Acryl-Siloxan-Beschichtung"],"ekr_hierarchy_settings":{"it":{"FASSA_LINEA_RIVESTIMENTI_A_SPESSORE_SISTEMA_COLORE":{"ekr_position":1}},"ch":{"FASSA_LINEA_RIVESTIMENTI_A_SPESSORE_SISTEMA_COLORE":{"ekr_position":1}},"es":{"FASSAES_LINEA_RIVESTIMENTI_A_SPESSORE_SISTEMA_COLORE":{"ekr_position":1}},"lu":{"FASSA_LINEA_RIVESTIMENTI_A_SPESSORE_SISTEMA_COLORE":{"ekr_position":1}}},"lang":{"language_code":"de","locale":"de_DE","text_direction":false,"display_name":"Deutsch","native_name":"Tedesco","different_language":false},"systems":[{"id":3497509,"name":"FASSACOLOUR\u00ae-System","permalink":"https:\/\/www.fassabortolo.it\/de\/produkte\/sistema-fassacolour\/","slug":"sistema-fassacolour","ekr_pallet_code":"FASSA_SISTEMA_COLORE_FASSACOLOUR"}],"product_pallet_code":"PROD_RX_561","lines":[{"id":3497506,"name":"STRUKTURBESCHICHTUNGEN","permalink":"https:\/\/www.fassabortolo.it\/de\/produkte\/\/strukturbeschichtungen\/","slug":"strukturbeschichtungen","system_codes":["FASSA_SISTEMA_COLORE_FASSACOLOUR"],"ekr_pallet_code":"FASSA_LINEA_RIVESTIMENTI_A_SPESSORE_SISTEMA_COLORE"}],"use":["RX 561 wird im Au\u00dfenbereich als Beschichtung zur Dekoration und zum Schutz von Fassaden verwendet und verleiht den Oberfl\u00e4chen, aufgrund der Natur der in der Produktformulierung verwendeten Rohstoffe, ein rustikales Aussehen. &nbsp; RX 561 findet Verwendung auf Grundputzen auf Kalk-Zementbasis, auf Armierungsspachtelungen mit alkalibest\u00e4ndigem Glasfaser-Armierungsgewebe und auf dem W\u00e4rmed\u00e4mmverbundsystem FASSATHERM."],"supply":["Confezioni da ca. 25 kg. &nbsp; Confezioni da 3 kg disponibili nelle granulometrie 0,6 mm (basi pastel e neutro), 1,0 mm (basi pastel e neutro) e 1,5 mm (basi pastel e neutro). &nbsp; Je nach Bestimmungsland k\u00f6nnten einige Verkaufsformate nicht erh\u00e4ltlich sein","Mit dem Farbmischsystem ColorLife realisierbare Farbt\u00f6ne"],"attributes":{"Attributes_1":{"WASSERBASIERTE ANSTRICHE MIT SCHUTZFILM":"Wasserbasierte Anstriche mit Schutzfilm"},"Attributes_2":{"AUSSENBEREICH":"Au\u00dfenbereich"}},"___attributes":{"FASSAES":{"FASSA_SISTEMA_COLORE_FASSACOLOUR":{"Attributes_1":["Wasserbasierte Anstriche mit Schutzfilm"],"Attributes_2":["Au\u00dfenbereich"]}},"FASSA":{"FASSA_SISTEMA_COLORE_FASSACOLOUR":{"Attributes_1":["Wasserbasierte Anstriche mit Schutzfilm"],"Attributes_2":["Au\u00dfenbereich"]}}},"elastic_market_index":"it","structured_data":{"@context":"https:\/\/schema.org","@type":"Product","name":"RX 561","description":["Kompakte Acryl-Siloxan-Beschichtung"],"url":"https:\/\/www.fassabortolo.it\/de\/produkte\/sistema-fassacolour\/strukturbeschichtungen\/rx-561","identifier":"PROD_RX_561","sku":"PROD_RX_561","image":"https:\/\/www.fassabortolo.it\/wp-content\/uploads\/media\/assets\/RX_561.jpg","brand":{"@type":"Brand","name":"Fassa Bortolo"},"manufacturer":{"@type":"Organization","name":"Fassa Bortolo","url":"https:\/\/www.fassabortolo.it"},"additionalProperty":[{"@type":"PropertyValue","name":"Use Case 1","value":"RX 561 wird im Au\u00dfenbereich als Beschichtung zur Dekoration und zum Schutz von Fassaden verwendet und verleiht den Oberfl\u00e4chen, aufgrund der Natur der in der Produktformulierung verwendeten Rohstoffe, ein rustikales Aussehen. &nbsp; RX 561 findet Verwendung auf Grundputzen auf Kalk-Zementbasis, auf Armierungsspachtelungen mit alkalibest\u00e4ndigem Glasfaser-Armierungsgewebe und auf dem W\u00e4rmed\u00e4mmverbundsystem FASSATHERM."},{"@type":"PropertyValue","name":"Supply Information","value":"Confezioni da ca. 25 kg. &nbsp; Confezioni da 3 kg disponibili nelle granulometrie 0,6 mm (basi pastel e neutro), 1,0 mm (basi pastel e neutro) e 1,5 mm (basi pastel e neutro). &nbsp; Je nach Bestimmungsland k\u00f6nnten einige Verkaufsformate nicht erh\u00e4ltlich sein"},{"@type":"PropertyValue","name":"Supply Information","value":"Mit dem Farbmischsystem ColorLife realisierbare Farbt\u00f6ne"},{"@type":"PropertyValue","name":"Attributes_1","value":"Wasserbasierte Anstriche mit Schutzfilm"},{"@type":"PropertyValue","name":"Attributes_2","value":"Au\u00dfenbereich"}],"category":[{"@type":"ProductCollection","name":"STRUKTURBESCHICHTUNGEN","identifier":"FASSA_LINEA_RIVESTIMENTI_A_SPESSORE_SISTEMA_COLORE"},{"@type":"Collection","name":"FASSACOLOUR\u00ae-System","identifier":"FASSA_SISTEMA_COLORE_FASSACOLOUR"}],"inLanguage":"de"},"_links":{"self":[{"href":"https:\/\/www.fassabortolo.it\/de\/wp-json\/wp\/v2\/product\/3498530","targetHints":{"allow":["GET"]}}],"collection":[{"href":"https:\/\/www.fassabortolo.it\/de\/wp-json\/wp\/v2\/product"}],"about":[{"href":"https:\/\/www.fassabortolo.it\/de\/wp-json\/wp\/v2\/types\/product"}],"wp:attachment":[{"href":"https:\/\/www.fassabortolo.it\/de\/wp-json\/wp\/v2\/media?parent=3498530"}],"curies":[{"name":"wp","href":"https:\/\/api.w.org\/{rel}","templated":true}]}}