{"id":3498536,"date":"2026-01-23T12:44:33","date_gmt":"2026-01-23T11:44:33","guid":{"rendered":"http:\/\/10.6.201.155\/?post_type=product&#038;p=54071"},"modified":"2026-04-23T10:37:28","modified_gmt":"2026-04-23T08:37:28","slug":"sicura-g3","status":"publish","type":"product","link":"https:\/\/www.fassabortolo.it\/de\/produkte\/sistema-fassacolour\/farbanstriche\/sicura-g3","title":{"rendered":"SICURA G3"},"content":{"rendered":"","protected":false},"featured_media":0,"template":"","class_list":["post-3498536","product","type-product","status-publish","hentry"],"acf":[],"fimg":{"url":"https:\/\/www.fassabortolo.it\/wp-content\/uploads\/media\/assets\/SICURA_G3.jpg","alt":"SICURA G3"},"product_description":["Ultramatter wasserbasierter Dekoranstrich von hoher Qualit\u00e4t, f\u00fcr den Innenbereich"],"ekr_hierarchy_settings":{"it":{"FASSA_LINEA_PITTURE_SISTEMA_COLORE":{"ekr_position":5}},"ch":{"FASSA_LINEA_PITTURE_SISTEMA_COLORE":{"ekr_position":3}},"lu":{"FASSA_LINEA_PITTURE_SISTEMA_COLORE":{"ekr_position":3}}},"lang":{"language_code":"de","locale":"de_DE","text_direction":false,"display_name":"Deutsch","native_name":"Tedesco","different_language":false},"systems":[{"id":3497509,"name":"FASSACOLOUR\u00ae-System","permalink":"https:\/\/www.fassabortolo.it\/de\/produkte\/sistema-fassacolour\/","slug":"sistema-fassacolour","ekr_pallet_code":"FASSA_SISTEMA_COLORE_FASSACOLOUR"}],"product_pallet_code":"PROD_SICURA_G3","lines":[{"id":3497479,"name":"FARBANSTRICHE","permalink":"https:\/\/www.fassabortolo.it\/de\/produkte\/\/farbanstriche\/","slug":"farbanstriche","system_codes":["FASSA_SISTEMA_COLORE_FASSACOLOUR"],"ekr_pallet_code":"FASSA_LINEA_PITTURE_SISTEMA_COLORE"}],"use":["Dank der besonderen Formulierungstechnologie hat SICURA G3 eine gr\u00f6\u00dfere Schutzwirkung als traditionelle Wandfarben auf Wasserbasis, und erm\u00f6glicht somit eine bessere Reinigung der Wandfl\u00e4che. &nbsp; SICURA G3, gepr\u00fcft laut Norm UNI 11021, eignet sich zum Streichen von Innenwand- und Innendeckenfl\u00e4chen im Allgemeinen, in \u00f6ffentlichen R\u00e4umlichkeiten inklusive jenen mit kontrollierter Hygiene und hohem Personenaufkommen, welche die Vorgaben des HACCP-Protokolls einzuhalten haben. &nbsp; Kann auf rohverputztem Untergrund, auf Gipsputz, auf Gipskarton und auf Beton verwendet werden, sofern passend vorbereitet."],"supply":["Confezioni da ca. 10 l, 5 l e scatole da 6 pz da 1 l. &nbsp; Je nach Bestimmungsland k\u00f6nnten einige Verkaufsformate nicht erh\u00e4ltlich sein","Mit dem Farbmischsystem ColorLife realisierbare Farbt\u00f6ne"],"attributes":{"Attributes_1":{"WASSERBASIERTE ANSTRICHE MIT SCHUTZFILM":"Wasserbasierte Anstriche mit Schutzfilm"},"Attributes_2":{"INNENBEREICH":"Innenbereich"}},"___attributes":{"FASSAES":{"FASSA_SISTEMA_COLORE_FASSACOLOUR":{"Attributes_1":["Wasserbasierte Anstriche mit Schutzfilm"],"Attributes_2":["Innenbereich"]}},"FASSA":{"FASSA_SISTEMA_COLORE_FASSACOLOUR":{"Attributes_1":["Wasserbasierte Anstriche mit Schutzfilm"],"Attributes_2":["Innenbereich"]}}},"elastic_market_index":"it","structured_data":{"@context":"https:\/\/schema.org","@type":"Product","name":"SICURA G3","description":["Ultramatter wasserbasierter Dekoranstrich von hoher Qualit\u00e4t, f\u00fcr den Innenbereich"],"url":"https:\/\/www.fassabortolo.it\/de\/produkte\/sistema-fassacolour\/farbanstriche\/sicura-g3","identifier":"PROD_SICURA_G3","sku":"PROD_SICURA_G3","image":"https:\/\/www.fassabortolo.it\/wp-content\/uploads\/media\/assets\/SICURA_G3.jpg","brand":{"@type":"Brand","name":"Fassa Bortolo"},"manufacturer":{"@type":"Organization","name":"Fassa Bortolo","url":"https:\/\/www.fassabortolo.it"},"additionalProperty":[{"@type":"PropertyValue","name":"Use Case 1","value":"Dank der besonderen Formulierungstechnologie hat SICURA G3 eine gr\u00f6\u00dfere Schutzwirkung als traditionelle Wandfarben auf Wasserbasis, und erm\u00f6glicht somit eine bessere Reinigung der Wandfl\u00e4che. &nbsp; SICURA G3, gepr\u00fcft laut Norm UNI 11021, eignet sich zum Streichen von Innenwand- und Innendeckenfl\u00e4chen im Allgemeinen, in \u00f6ffentlichen R\u00e4umlichkeiten inklusive jenen mit kontrollierter Hygiene und hohem Personenaufkommen, welche die Vorgaben des HACCP-Protokolls einzuhalten haben. &nbsp; Kann auf rohverputztem Untergrund, auf Gipsputz, auf Gipskarton und auf Beton verwendet werden, sofern passend vorbereitet."},{"@type":"PropertyValue","name":"Supply Information","value":"Confezioni da ca. 10 l, 5 l e scatole da 6 pz da 1 l. &nbsp; Je nach Bestimmungsland k\u00f6nnten einige Verkaufsformate nicht erh\u00e4ltlich sein"},{"@type":"PropertyValue","name":"Supply Information","value":"Mit dem Farbmischsystem ColorLife realisierbare Farbt\u00f6ne"},{"@type":"PropertyValue","name":"Attributes_1","value":"Wasserbasierte Anstriche mit Schutzfilm"},{"@type":"PropertyValue","name":"Attributes_2","value":"Innenbereich"}],"category":[{"@type":"ProductCollection","name":"FARBANSTRICHE","identifier":"FASSA_LINEA_PITTURE_SISTEMA_COLORE"},{"@type":"Collection","name":"FASSACOLOUR\u00ae-System","identifier":"FASSA_SISTEMA_COLORE_FASSACOLOUR"}],"inLanguage":"de"},"_links":{"self":[{"href":"https:\/\/www.fassabortolo.it\/de\/wp-json\/wp\/v2\/product\/3498536","targetHints":{"allow":["GET"]}}],"collection":[{"href":"https:\/\/www.fassabortolo.it\/de\/wp-json\/wp\/v2\/product"}],"about":[{"href":"https:\/\/www.fassabortolo.it\/de\/wp-json\/wp\/v2\/types\/product"}],"wp:attachment":[{"href":"https:\/\/www.fassabortolo.it\/de\/wp-json\/wp\/v2\/media?parent=3498536"}],"curies":[{"name":"wp","href":"https:\/\/api.w.org\/{rel}","templated":true}]}}