{"id":3498538,"date":"2026-01-23T12:47:21","date_gmt":"2026-01-23T11:47:21","guid":{"rendered":"http:\/\/10.6.201.155\/?post_type=product&#038;p=54074"},"modified":"2026-05-15T01:35:16","modified_gmt":"2026-05-14T23:35:16","slug":"sphaera-001","status":"publish","type":"product","link":"https:\/\/www.fassabortolo.it\/de\/produkte\/sistema-fassacolour\/farbanstriche\/sphaera-001","title":{"rendered":"SPHAERA 001"},"content":{"rendered":"","protected":false},"featured_media":0,"template":"","class_list":["post-3498538","product","type-product","status-publish","hentry"],"acf":[],"fimg":{"url":"https:\/\/www.fassabortolo.it\/wp-content\/uploads\/media\/assets\/SPHAERA_001.jpg","alt":"SPHAERA 001"},"product_description":["Wasseranstrich f\u00fcr den Innenbereich mit Keramik-Mikrohohlkugeln"],"ekr_hierarchy_settings":{"it":{"FASSA_LINEA_PITTURE_SISTEMA_COLORE":{"ekr_position":0}},"ch":{"FASSA_LINEA_PITTURE_SISTEMA_COLORE":{"ekr_position":1}},"es":{"FASSAES_LINEA_PITTURE_SISTEMA_COLORE":{"ekr_position":1}},"lu":{"FASSA_LINEA_PITTURE_SISTEMA_COLORE":{"ekr_position":1}}},"lang":{"language_code":"de","locale":"de_DE","text_direction":false,"display_name":"Deutsch","native_name":"Tedesco","different_language":false},"systems":[{"id":3497509,"name":"FASSACOLOUR\u00ae-System","permalink":"https:\/\/www.fassabortolo.it\/de\/produkte\/sistema-fassacolour\/","slug":"sistema-fassacolour","ekr_pallet_code":"FASSA_SISTEMA_COLORE_FASSACOLOUR"}],"product_pallet_code":"PROD_SPHAERA_001","lines":[{"id":3497479,"name":"FARBANSTRICHE","permalink":"https:\/\/www.fassabortolo.it\/de\/produkte\/\/farbanstriche\/","slug":"farbanstriche","system_codes":["FASSA_SISTEMA_COLORE_FASSACOLOUR"],"ekr_pallet_code":"FASSA_LINEA_PITTURE_SISTEMA_COLORE"}],"use":["SPHAERA 001 wird im Innenbereich verwendet als Schutz- und Dekoranstrich, in wei\u00df oder leicht eingef\u00e4rbt, auf Deckputzen auf Kalk-, Kalk\/Zement-, Gipsbasis und auf Gipskarton, und zwar auf neuen und bereits gestrichenen Oberfl\u00e4chen. &nbsp; Die besonderen hohlen Keramikmikrosph\u00e4ren verst\u00e4rken in erheblichem Ma\u00dfe die schalld\u00e4mmende Wirkung und reduzieren gleichzeitig Oberfl\u00e4chenkondensation, wodurch sich der Wohnkomfort verbessert; insbesondere in feuchten Umgebungen oder solchen mit Oberfl\u00e4chenkondensation wie K\u00fcchen, B\u00e4dern, W\u00e4schereien, Kellern usw."],"supply":["Abpackungen zu 12 l und 4 l. &nbsp; Je nach Bestimmungsland k\u00f6nnten einige Verkaufsformate nicht erh\u00e4ltlich sein","Mit dem Farbmischsystem ColorLife realisierbare Farbt\u00f6ne"],"attributes":{"Attributes_1":{"WASSERBASIERTE HOCHDECKENDE ANSTRICHE":"Wasserbasierte hochdeckende Anstriche","WASSERBASIERTE ANSTRICHE MIT SCHUTZFILM":"Wasserbasierte Anstriche mit Schutzfilm"},"Attributes_2":{"INNENBEREICH":"Innenbereich"}},"___attributes":{"FASSAES":{"FASSA_SISTEMA_COLORE_FASSACOLOUR":{"Attributes_1":["Wasserbasierte hochdeckende Anstriche","Wasserbasierte Anstriche mit Schutzfilm"],"Attributes_2":["Innenbereich"]}},"FASSA":{"FASSA_SISTEMA_COLORE_FASSACOLOUR":{"Attributes_1":["Wasserbasierte hochdeckende Anstriche","Wasserbasierte Anstriche mit Schutzfilm"],"Attributes_2":["Innenbereich"]}}},"elastic_market_index":"it","structured_data":{"@context":"https:\/\/schema.org","@type":"Product","name":"SPHAERA 001","description":["Wasseranstrich f\u00fcr den Innenbereich mit Keramik-Mikrohohlkugeln"],"url":"https:\/\/www.fassabortolo.it\/de\/produkte\/sistema-fassacolour\/farbanstriche\/sphaera-001","identifier":"PROD_SPHAERA_001","sku":"PROD_SPHAERA_001","image":"https:\/\/www.fassabortolo.it\/wp-content\/uploads\/media\/assets\/SPHAERA_001.jpg","brand":{"@type":"Brand","name":"Fassa Bortolo"},"manufacturer":{"@type":"Organization","name":"Fassa Bortolo","url":"https:\/\/www.fassabortolo.it"},"additionalProperty":[{"@type":"PropertyValue","name":"Use Case 1","value":"SPHAERA 001 wird im Innenbereich verwendet als Schutz- und Dekoranstrich, in wei\u00df oder leicht eingef\u00e4rbt, auf Deckputzen auf Kalk-, Kalk\/Zement-, Gipsbasis und auf Gipskarton, und zwar auf neuen und bereits gestrichenen Oberfl\u00e4chen. &nbsp; Die besonderen hohlen Keramikmikrosph\u00e4ren verst\u00e4rken in erheblichem Ma\u00dfe die schalld\u00e4mmende Wirkung und reduzieren gleichzeitig Oberfl\u00e4chenkondensation, wodurch sich der Wohnkomfort verbessert; insbesondere in feuchten Umgebungen oder solchen mit Oberfl\u00e4chenkondensation wie K\u00fcchen, B\u00e4dern, W\u00e4schereien, Kellern usw."},{"@type":"PropertyValue","name":"Supply Information","value":"Abpackungen zu 12 l und 4 l. &nbsp; Je nach Bestimmungsland k\u00f6nnten einige Verkaufsformate nicht erh\u00e4ltlich sein"},{"@type":"PropertyValue","name":"Supply Information","value":"Mit dem Farbmischsystem ColorLife realisierbare Farbt\u00f6ne"},{"@type":"PropertyValue","name":"Attributes_1","value":"Wasserbasierte hochdeckende Anstriche"},{"@type":"PropertyValue","name":"Attributes_1","value":"Wasserbasierte Anstriche mit Schutzfilm"},{"@type":"PropertyValue","name":"Attributes_2","value":"Innenbereich"}],"category":[{"@type":"ProductCollection","name":"FARBANSTRICHE","identifier":"FASSA_LINEA_PITTURE_SISTEMA_COLORE"},{"@type":"Collection","name":"FASSACOLOUR\u00ae-System","identifier":"FASSA_SISTEMA_COLORE_FASSACOLOUR"}],"inLanguage":"de"},"_links":{"self":[{"href":"https:\/\/www.fassabortolo.it\/de\/wp-json\/wp\/v2\/product\/3498538","targetHints":{"allow":["GET"]}}],"collection":[{"href":"https:\/\/www.fassabortolo.it\/de\/wp-json\/wp\/v2\/product"}],"about":[{"href":"https:\/\/www.fassabortolo.it\/de\/wp-json\/wp\/v2\/types\/product"}],"wp:attachment":[{"href":"https:\/\/www.fassabortolo.it\/de\/wp-json\/wp\/v2\/media?parent=3498538"}],"curies":[{"name":"wp","href":"https:\/\/api.w.org\/{rel}","templated":true}]}}