{"id":3498539,"date":"2026-01-23T12:44:34","date_gmt":"2026-01-23T11:44:34","guid":{"rendered":"http:\/\/10.6.201.155\/?post_type=product&#038;p=54079"},"modified":"2026-05-15T01:35:02","modified_gmt":"2026-05-14T23:35:02","slug":"skin-432","status":"publish","type":"product","link":"https:\/\/www.fassabortolo.it\/de\/produkte\/sistema-fassacolour\/farbanstriche\/skin-432","title":{"rendered":"SKIN 432"},"content":{"rendered":"","protected":false},"featured_media":0,"template":"","class_list":["post-3498539","product","type-product","status-publish","hentry"],"acf":[],"fimg":{"url":"https:\/\/www.fassabortolo.it\/wp-content\/uploads\/media\/assets\/SKIN_432.jpg","alt":"SKIN 432"},"product_description":["Siloxan-Schutzanstrich"],"ekr_hierarchy_settings":{"it":{"FASSA_LINEA_PITTURE_SISTEMA_COLORE":{"ekr_position":3}},"ch":{"FASSA_LINEA_PITTURE_SISTEMA_COLORE":{"ekr_position":2}},"es":{"FASSAES_LINEA_PITTURE_SISTEMA_COLORE":{"ekr_position":2}},"lu":{"FASSA_LINEA_PITTURE_SISTEMA_COLORE":{"ekr_position":2}}},"lang":{"language_code":"de","locale":"de_DE","text_direction":false,"display_name":"Deutsch","native_name":"Tedesco","different_language":false},"systems":[{"id":3497509,"name":"FASSACOLOUR\u00ae-System","permalink":"https:\/\/www.fassabortolo.it\/de\/produkte\/sistema-fassacolour\/","slug":"sistema-fassacolour","ekr_pallet_code":"FASSA_SISTEMA_COLORE_FASSACOLOUR"}],"product_pallet_code":"PROD_SKIN_432","lines":[{"id":3497479,"name":"FARBANSTRICHE","permalink":"https:\/\/www.fassabortolo.it\/de\/produkte\/\/farbanstriche\/","slug":"farbanstriche","system_codes":["FASSA_SISTEMA_COLORE_FASSACOLOUR"],"ekr_pallet_code":"FASSA_LINEA_PITTURE_SISTEMA_COLORE"}],"use":["SKIN 432 wird im Au\u00dfenbereich als leistungsstarker Schutz- und Dekoranstrich, in wei\u00df oder farbig, auf frischen oder auch alten Oberputzen auf Kalkbasis, auf Kalk-Zementbasis, auf Beton usw. verwendet. &nbsp; Die ausgezeichnete Diffusionsoffenheit und gute Wasserabweisung erm\u00f6glichen dem Produkt vielseitige Anwendungsm\u00f6glichkeiten, welches sich - au\u00dfer auf frischen Untergr\u00fcnden - auch auf alten Farbanstrichen und Beschichtungen eignet, sofern diese gut haftend, koh\u00e4rent und nicht kreidend sind. &nbsp; Aufgrund der speziellen Formulierung eignet sich SKIN 432 auch besonders gut zur Behandlung der mit einem WDVS ged\u00e4mmten Fassaden, und zwar oberhalb der herk\u00f6mmlichen Strukturdeckputze RSR 421, RTA 549 und RX 561. &nbsp; Dank der geringen Schmutzaufnahme erm\u00f6glicht es diese Behandlung der Fassade, dass selbige weniger verschmutzt als es bei herk\u00f6mmlichen Beschichtungen der Fall ist."],"supply":["Abpackungen zu 14 l und Kartonschachteln zu jeweils 6 St\u00fcck zu 1 l. &nbsp; Je nach Bestimmungsland k\u00f6nnten einige Verkaufsformate nicht erh\u00e4ltlich sein","Mit dem Farbmischsystem ColorLife realisierbare Farbt\u00f6ne"],"attributes":{"Attributes_1":{"DIFFUSIONSOFFENE WASSERBASIERTE ANSTRICHE":"Diffusionsoffene wasserbasierte Anstriche","WASSERBASIERTE ANSTRICHE MIT SCHUTZFILM":"Wasserbasierte Anstriche mit Schutzfilm"},"Attributes_2":{"AUSSENBEREICH":"Au\u00dfenbereich"}},"___attributes":{"FASSAES":{"FASSA_SISTEMA_COLORE_FASSACOLOUR":{"Attributes_1":["Diffusionsoffene wasserbasierte Anstriche"],"Attributes_2":["Au\u00dfenbereich"]}},"FASSA":{"FASSA_SISTEMA_COLORE_FASSACOLOUR":{"Attributes_1":["Diffusionsoffene wasserbasierte Anstriche","Wasserbasierte Anstriche mit Schutzfilm"],"Attributes_2":["Au\u00dfenbereich"]}}},"elastic_market_index":"it","structured_data":{"@context":"https:\/\/schema.org","@type":"Product","name":"SKIN 432","description":["Siloxan-Schutzanstrich"],"url":"https:\/\/www.fassabortolo.it\/de\/produkte\/sistema-fassacolour\/farbanstriche\/skin-432","identifier":"PROD_SKIN_432","sku":"PROD_SKIN_432","image":"https:\/\/www.fassabortolo.it\/wp-content\/uploads\/media\/assets\/SKIN_432.jpg","brand":{"@type":"Brand","name":"Fassa Bortolo"},"manufacturer":{"@type":"Organization","name":"Fassa Bortolo","url":"https:\/\/www.fassabortolo.it"},"additionalProperty":[{"@type":"PropertyValue","name":"Use Case 1","value":"SKIN 432 wird im Au\u00dfenbereich als leistungsstarker Schutz- und Dekoranstrich, in wei\u00df oder farbig, auf frischen oder auch alten Oberputzen auf Kalkbasis, auf Kalk-Zementbasis, auf Beton usw. verwendet. &nbsp; Die ausgezeichnete Diffusionsoffenheit und gute Wasserabweisung erm\u00f6glichen dem Produkt vielseitige Anwendungsm\u00f6glichkeiten, welches sich - au\u00dfer auf frischen Untergr\u00fcnden - auch auf alten Farbanstrichen und Beschichtungen eignet, sofern diese gut haftend, koh\u00e4rent und nicht kreidend sind. &nbsp; Aufgrund der speziellen Formulierung eignet sich SKIN 432 auch besonders gut zur Behandlung der mit einem WDVS ged\u00e4mmten Fassaden, und zwar oberhalb der herk\u00f6mmlichen Strukturdeckputze RSR 421, RTA 549 und RX 561. &nbsp; Dank der geringen Schmutzaufnahme erm\u00f6glicht es diese Behandlung der Fassade, dass selbige weniger verschmutzt als es bei herk\u00f6mmlichen Beschichtungen der Fall ist."},{"@type":"PropertyValue","name":"Supply Information","value":"Abpackungen zu 14 l und Kartonschachteln zu jeweils 6 St\u00fcck zu 1 l. &nbsp; Je nach Bestimmungsland k\u00f6nnten einige Verkaufsformate nicht erh\u00e4ltlich sein"},{"@type":"PropertyValue","name":"Supply Information","value":"Mit dem Farbmischsystem ColorLife realisierbare Farbt\u00f6ne"},{"@type":"PropertyValue","name":"Attributes_1","value":"Diffusionsoffene wasserbasierte Anstriche"},{"@type":"PropertyValue","name":"Attributes_1","value":"Wasserbasierte Anstriche mit Schutzfilm"},{"@type":"PropertyValue","name":"Attributes_2","value":"Au\u00dfenbereich"}],"category":[{"@type":"ProductCollection","name":"FARBANSTRICHE","identifier":"FASSA_LINEA_PITTURE_SISTEMA_COLORE"},{"@type":"Collection","name":"FASSACOLOUR\u00ae-System","identifier":"FASSA_SISTEMA_COLORE_FASSACOLOUR"}],"inLanguage":"de"},"_links":{"self":[{"href":"https:\/\/www.fassabortolo.it\/de\/wp-json\/wp\/v2\/product\/3498539","targetHints":{"allow":["GET"]}}],"collection":[{"href":"https:\/\/www.fassabortolo.it\/de\/wp-json\/wp\/v2\/product"}],"about":[{"href":"https:\/\/www.fassabortolo.it\/de\/wp-json\/wp\/v2\/types\/product"}],"wp:attachment":[{"href":"https:\/\/www.fassabortolo.it\/de\/wp-json\/wp\/v2\/media?parent=3498539"}],"curies":[{"name":"wp","href":"https:\/\/api.w.org\/{rel}","templated":true}]}}