{"id":3498541,"date":"2026-01-23T12:41:38","date_gmt":"2026-01-23T11:41:38","guid":{"rendered":"http:\/\/10.6.201.155\/?post_type=product&#038;p=54091"},"modified":"2026-04-23T10:37:17","modified_gmt":"2026-04-23T08:37:17","slug":"rsr-421","status":"publish","type":"product","link":"https:\/\/www.fassabortolo.it\/de\/produkte\/sistema-fassacolour\/strukturbeschichtungen\/rsr-421","title":{"rendered":"RSR 421"},"content":{"rendered":"","protected":false},"featured_media":0,"template":"","class_list":["post-3498541","product","type-product","status-publish","hentry"],"acf":[],"fimg":{"url":"https:\/\/www.fassabortolo.it\/wp-content\/uploads\/media\/assets\/RSR_421.jpg","alt":"RSR 421"},"product_description":["Kompakte faserverg\u00fctete Beschichtung mit Siloxanverst\u00e4rkung"],"ekr_hierarchy_settings":{"it":{"FASSA_LINEA_RIVESTIMENTI_A_SPESSORE_SISTEMA_COLORE":{"ekr_position":0}},"ch":{"FASSA_LINEA_RIVESTIMENTI_A_SPESSORE_SISTEMA_COLORE":{"ekr_position":3}},"es":{"FASSAES_LINEA_RIVESTIMENTI_A_SPESSORE_SISTEMA_COLORE":{"ekr_position":3}},"lu":{"FASSA_LINEA_RIVESTIMENTI_A_SPESSORE_SISTEMA_COLORE":{"ekr_position":3}}},"lang":{"language_code":"de","locale":"de_DE","text_direction":false,"display_name":"Deutsch","native_name":"Tedesco","different_language":false},"systems":[{"id":3497509,"name":"FASSACOLOUR\u00ae-System","permalink":"https:\/\/www.fassabortolo.it\/de\/produkte\/sistema-fassacolour\/","slug":"sistema-fassacolour","ekr_pallet_code":"FASSA_SISTEMA_COLORE_FASSACOLOUR"}],"product_pallet_code":"PROD_RSR_421","lines":[{"id":3497506,"name":"STRUKTURBESCHICHTUNGEN","permalink":"https:\/\/www.fassabortolo.it\/de\/produkte\/\/strukturbeschichtungen\/","slug":"strukturbeschichtungen","system_codes":["FASSA_SISTEMA_COLORE_FASSACOLOUR"],"ekr_pallet_code":"FASSA_LINEA_RIVESTIMENTI_A_SPESSORE_SISTEMA_COLORE"}],"use":["RSR 421 wird als wei\u00dfe und farbige Schutz- und Dekorbeschichtung auf fAu\u00dfengrundputzen auf Kalk-Zementbasis verwendet, inklusive auf Entfeuchtungsputzen und W\u00e4rmed\u00e4mmverbundsystemen und insbesondere \u00fcberall dort, wo gleichzeitig hohe Diffusionsoffenheit und geringe Wasseraufnahme erforderlich sind."],"supply":["Confezioni da ca. 25 kg. Confezioni da 3 kg disponibili nelle granulometrie 0,6 mm (basi pastel e medium) e 1,5 mm (basi pastel e medium). In base al paese di destinazione alcuni formati di vendita potrebbero non essere disponibili","Mit dem Farbmischsystem ColorLife realisierbare Farbt\u00f6ne"],"attributes":{"Attributes_1":{"DIFFUSIONSOFFENE WASSERBASIERTE ANSTRICHE":"Diffusionsoffene wasserbasierte Anstriche","WASSERBASIERTE ANSTRICHE MIT SCHUTZFILM":"Wasserbasierte Anstriche mit Schutzfilm"},"Attributes_2":{"AUSSENBEREICH":"Au\u00dfenbereich"}},"___attributes":{"FASSAES":{"FASSA_SISTEMA_COLORE_FASSACOLOUR":{"Attributes_1":["Diffusionsoffene wasserbasierte Anstriche"],"Attributes_2":["Au\u00dfenbereich"]}},"FASSA":{"FASSA_SISTEMA_COLORE_FASSACOLOUR":{"Attributes_1":["Diffusionsoffene wasserbasierte Anstriche","Wasserbasierte Anstriche mit Schutzfilm"],"Attributes_2":["Au\u00dfenbereich"]}}},"elastic_market_index":"it","structured_data":{"@context":"https:\/\/schema.org","@type":"Product","name":"RSR 421","description":["Kompakte faserverg\u00fctete Beschichtung mit Siloxanverst\u00e4rkung"],"url":"https:\/\/www.fassabortolo.it\/de\/produkte\/sistema-fassacolour\/strukturbeschichtungen\/rsr-421","identifier":"PROD_RSR_421","sku":"PROD_RSR_421","image":"https:\/\/www.fassabortolo.it\/wp-content\/uploads\/media\/assets\/RSR_421.jpg","brand":{"@type":"Brand","name":"Fassa Bortolo"},"manufacturer":{"@type":"Organization","name":"Fassa Bortolo","url":"https:\/\/www.fassabortolo.it"},"additionalProperty":[{"@type":"PropertyValue","name":"Use Case 1","value":"RSR 421 wird als wei\u00dfe und farbige Schutz- und Dekorbeschichtung auf fAu\u00dfengrundputzen auf Kalk-Zementbasis verwendet, inklusive auf Entfeuchtungsputzen und W\u00e4rmed\u00e4mmverbundsystemen und insbesondere \u00fcberall dort, wo gleichzeitig hohe Diffusionsoffenheit und geringe Wasseraufnahme erforderlich sind."},{"@type":"PropertyValue","name":"Supply Information","value":"Confezioni da ca. 25 kg. Confezioni da 3 kg disponibili nelle granulometrie 0,6 mm (basi pastel e medium) e 1,5 mm (basi pastel e medium). In base al paese di destinazione alcuni formati di vendita potrebbero non essere disponibili"},{"@type":"PropertyValue","name":"Supply Information","value":"Mit dem Farbmischsystem ColorLife realisierbare Farbt\u00f6ne"},{"@type":"PropertyValue","name":"Attributes_1","value":"Diffusionsoffene wasserbasierte Anstriche"},{"@type":"PropertyValue","name":"Attributes_1","value":"Wasserbasierte Anstriche mit Schutzfilm"},{"@type":"PropertyValue","name":"Attributes_2","value":"Au\u00dfenbereich"}],"category":[{"@type":"ProductCollection","name":"STRUKTURBESCHICHTUNGEN","identifier":"FASSA_LINEA_RIVESTIMENTI_A_SPESSORE_SISTEMA_COLORE"},{"@type":"Collection","name":"FASSACOLOUR\u00ae-System","identifier":"FASSA_SISTEMA_COLORE_FASSACOLOUR"}],"inLanguage":"de"},"_links":{"self":[{"href":"https:\/\/www.fassabortolo.it\/de\/wp-json\/wp\/v2\/product\/3498541","targetHints":{"allow":["GET"]}}],"collection":[{"href":"https:\/\/www.fassabortolo.it\/de\/wp-json\/wp\/v2\/product"}],"about":[{"href":"https:\/\/www.fassabortolo.it\/de\/wp-json\/wp\/v2\/types\/product"}],"wp:attachment":[{"href":"https:\/\/www.fassabortolo.it\/de\/wp-json\/wp\/v2\/media?parent=3498541"}],"curies":[{"name":"wp","href":"https:\/\/api.w.org\/{rel}","templated":true}]}}