{"id":3498542,"date":"2026-01-23T12:45:55","date_gmt":"2026-01-23T11:45:55","guid":{"rendered":"http:\/\/10.6.201.155\/?post_type=product&#038;p=54092"},"modified":"2026-04-23T10:37:36","modified_gmt":"2026-04-23T08:37:36","slug":"special-rapid","status":"publish","type":"product","link":"https:\/\/www.fassabortolo.it\/de\/produkte\/verlegesystem-fur-boden-und-wandbelage\/fassacol-klebstoffe\/special-rapid","title":{"rendered":"SPECIAL RAPID"},"content":{"rendered":"","protected":false},"featured_media":0,"template":"","class_list":["post-3498542","product","type-product","status-publish","hentry"],"acf":[],"fimg":{"url":"https:\/\/www.fassabortolo.it\/wp-content\/uploads\/media\/assets\/SPECIAL_RAPID_grigio.jpg","alt":"SPECIAL RAPID"},"product_description":["Schnellabbindender und selbstnetzender Einkomponenten-Klebstoff in Grau, f\u00fcr Bodenbel\u00e4ge sowohl im Au\u00dfen- als auch im Innenbereich."],"ekr_hierarchy_settings":{"it":{"FASSA_LINEA_FASSACOL_ADESIVI_SISTEMA_POSA":{"ekr_position":4}},"ch":{"FASSA_LINEA_FASSACOL_ADESIVI_SISTEMA_POSA":{"ekr_position":1}},"es":{"FASSAES_LINEA_FASSACOL_ADESIVI_SISTEMA_POSA":{"ekr_position":1}},"lu":{"FASSA_LINEA_FASSACOL_ADESIVI_SISTEMA_POSA":{"ekr_position":1}}},"lang":{"language_code":"de","locale":"de_DE","text_direction":false,"display_name":"Deutsch","native_name":"Tedesco","different_language":false},"systems":[{"id":3497517,"name":"VERLEGESYSTEM F\u00dcR BODEN- UND WANDBEL\u00c4GE","permalink":"https:\/\/www.fassabortolo.it\/de\/produkte\/verlegesystem-fur-boden-und-wandbelage\/","slug":"verlegesystem-fur-boden-und-wandbelage","ekr_pallet_code":"FASSA_SISTEMA_POSA_PAVIMENTI_E_RIVESTIMENTI"}],"product_pallet_code":"PROD_SPECIAL_RAPID","lines":[{"id":3497452,"name":"FASSACOL &#8211; KLEBSTOFFE","permalink":"https:\/\/www.fassabortolo.it\/de\/produkte\/\/fassacol-klebstoffe\/","slug":"fassacol-klebstoffe","system_codes":["FASSA_SISTEMA_POSA_PAVIMENTI_E_RIVESTIMENTI"],"ekr_pallet_code":"FASSA_LINEA_FASSACOL_ADESIVI_SISTEMA_POSA"}],"use":["Dank seiner Formulierung und hohen Benetzungsf\u00e4higkeit eignet sich SPECIAL RAPID besonders f\u00fcr die Verlegung von m\u00e4\u00dfig fleckempfindlichen und feuchtigkeitsbest\u00e4ndigen Natur- und Kunststeinmaterialien. &nbsp; SPECIAL RAPID eignet sich zur Verspachtelung und zur Verlegung auf horizontalen oder geringf\u00fcgig geneigten Oberfl\u00e4chen, so zum Beispiel auf Abflussgef\u00e4llen. &nbsp; Ideal zur Verlegung von Bodenbel\u00e4gen unter Verzicht der Technik des doppelten Aufstrichs; f\u00fcr Restaurierungs-, Reparatur- und Verlegearbeiten, wo eine rasche Inbetriebnahme der R\u00e4umlichkeiten f\u00fcr jeglichen Verwendungszweck erforderlich ist. &nbsp; SPECIAL RAPID verwendet man im Innen- und Au\u00dfenbereich zum Verkleben von Bodenbel\u00e4gen: Keramikfliesen, Keramikmosaik, Klinker, Steinzeug, laminiertes Steinzeug, Feinsteinzeug und Cotto. &nbsp; Untergr\u00fcnde k\u00f6nnen sein: gut ausgeh\u00e4rtete und trockene Estriche auf Zement- oder Anhydritbasis, gut ausgeh\u00e4rtete Betonsohlen, zementgebundene Dichtbahnen und bestehende Bodenbel\u00e4ge. &nbsp; Eignet sich zur Verlegung auf Estrichen mit Heiz-\/K\u00fchlanlage.","<\/br> Dank der ausgezeichneten Kompatibilit\u00e4t der Materialien ist das Produkt in h\u00f6chstem Ma\u00dfe auf Estrichen vom Typ SA 500, FASSAFLOOR SV 472 PRO, SR 450, FASSAFLOOR THERM oder LEGEO MIX sowie auf mit dem Bindemittel FASSACEM angefertigten Estrichen und auf den Dichtstoffen der Linie AQUAZIP geeignet."],"supply":["In feuchtigkeitsgesch\u00fctzten Spezials\u00e4cken zu ca. 25 kg"],"attributes":{"Attributes_1":{"ZEMENTGEBUNDENE KLEBSTOFFE MIT SCHNELLEM ABBINDEN":"Zementgebundene Klebstoffe mit schnellem Abbinden"},"Attributes_2":{"AUSSENBEREICH":"Au\u00dfenbereich","INNENBEREICH":"Innenbereich"}},"___attributes":{"FASSAES":{"FASSA_SISTEMA_POSA_PAVIMENTI_E_RIVESTIMENTI":{"Attributes_1":["Zementgebundene Klebstoffe mit schnellem Abbinden"],"Attributes_2":["Au\u00dfenbereich","Innenbereich"]}},"FASSA":{"FASSA_SISTEMA_POSA_PAVIMENTI_E_RIVESTIMENTI":{"Attributes_1":["Zementgebundene Klebstoffe mit schnellem Abbinden"],"Attributes_2":["Au\u00dfenbereich","Innenbereich"]}}},"elastic_market_index":"it","structured_data":{"@context":"https:\/\/schema.org","@type":"Product","name":"SPECIAL RAPID","description":["Schnellabbindender und selbstnetzender Einkomponenten-Klebstoff in Grau, f\u00fcr Bodenbel\u00e4ge sowohl im Au\u00dfen- als auch im Innenbereich."],"url":"https:\/\/www.fassabortolo.it\/de\/produkte\/verlegesystem-fur-boden-und-wandbelage\/fassacol-klebstoffe\/special-rapid","identifier":"PROD_SPECIAL_RAPID","sku":"PROD_SPECIAL_RAPID","image":"https:\/\/www.fassabortolo.it\/wp-content\/uploads\/media\/assets\/SPECIAL_RAPID_grigio.jpg","brand":{"@type":"Brand","name":"Fassa Bortolo"},"manufacturer":{"@type":"Organization","name":"Fassa Bortolo","url":"https:\/\/www.fassabortolo.it"},"additionalProperty":[{"@type":"PropertyValue","name":"Use Case 1","value":"Dank seiner Formulierung und hohen Benetzungsf\u00e4higkeit eignet sich SPECIAL RAPID besonders f\u00fcr die Verlegung von m\u00e4\u00dfig fleckempfindlichen und feuchtigkeitsbest\u00e4ndigen Natur- und Kunststeinmaterialien. &nbsp; SPECIAL RAPID eignet sich zur Verspachtelung und zur Verlegung auf horizontalen oder geringf\u00fcgig geneigten Oberfl\u00e4chen, so zum Beispiel auf Abflussgef\u00e4llen. &nbsp; Ideal zur Verlegung von Bodenbel\u00e4gen unter Verzicht der Technik des doppelten Aufstrichs; f\u00fcr Restaurierungs-, Reparatur- und Verlegearbeiten, wo eine rasche Inbetriebnahme der R\u00e4umlichkeiten f\u00fcr jeglichen Verwendungszweck erforderlich ist. &nbsp; SPECIAL RAPID verwendet man im Innen- und Au\u00dfenbereich zum Verkleben von Bodenbel\u00e4gen: Keramikfliesen, Keramikmosaik, Klinker, Steinzeug, laminiertes Steinzeug, Feinsteinzeug und Cotto. &nbsp; Untergr\u00fcnde k\u00f6nnen sein: gut ausgeh\u00e4rtete und trockene Estriche auf Zement- oder Anhydritbasis, gut ausgeh\u00e4rtete Betonsohlen, zementgebundene Dichtbahnen und bestehende Bodenbel\u00e4ge. &nbsp; Eignet sich zur Verlegung auf Estrichen mit Heiz-\/K\u00fchlanlage."},{"@type":"PropertyValue","name":"Use Case 2","value":"<\/br> Dank der ausgezeichneten Kompatibilit\u00e4t der Materialien ist das Produkt in h\u00f6chstem Ma\u00dfe auf Estrichen vom Typ SA 500, FASSAFLOOR SV 472 PRO, SR 450, FASSAFLOOR THERM oder LEGEO MIX sowie auf mit dem Bindemittel FASSACEM angefertigten Estrichen und auf den Dichtstoffen der Linie AQUAZIP geeignet."},{"@type":"PropertyValue","name":"Supply Information","value":"In feuchtigkeitsgesch\u00fctzten Spezials\u00e4cken zu ca. 25 kg"},{"@type":"PropertyValue","name":"Attributes_1","value":"Zementgebundene Klebstoffe mit schnellem Abbinden"},{"@type":"PropertyValue","name":"Attributes_2","value":"Au\u00dfenbereich"},{"@type":"PropertyValue","name":"Attributes_2","value":"Innenbereich"}],"category":[{"@type":"ProductCollection","name":"FASSACOL &#8211; KLEBSTOFFE","identifier":"FASSA_LINEA_FASSACOL_ADESIVI_SISTEMA_POSA"},{"@type":"Collection","name":"VERLEGESYSTEM F\u00dcR BODEN- UND WANDBEL\u00c4GE","identifier":"FASSA_SISTEMA_POSA_PAVIMENTI_E_RIVESTIMENTI"}],"inLanguage":"de"},"_links":{"self":[{"href":"https:\/\/www.fassabortolo.it\/de\/wp-json\/wp\/v2\/product\/3498542","targetHints":{"allow":["GET"]}}],"collection":[{"href":"https:\/\/www.fassabortolo.it\/de\/wp-json\/wp\/v2\/product"}],"about":[{"href":"https:\/\/www.fassabortolo.it\/de\/wp-json\/wp\/v2\/types\/product"}],"wp:attachment":[{"href":"https:\/\/www.fassabortolo.it\/de\/wp-json\/wp\/v2\/media?parent=3498542"}],"curies":[{"name":"wp","href":"https:\/\/api.w.org\/{rel}","templated":true}]}}