{"id":3498543,"date":"2026-01-23T12:52:05","date_gmt":"2026-01-23T11:52:05","guid":{"rendered":"http:\/\/10.6.201.155\/?post_type=product&#038;p=54100"},"modified":"2026-04-23T15:59:33","modified_gmt":"2026-04-23T13:59:33","slug":"adys","status":"publish","type":"product","link":"https:\/\/www.fassabortolo.it\/de\/produkte\/verlegesystem-fur-boden-und-wandbelage\/fassacol-klebstoffe\/adys","title":{"rendered":"ADYS"},"content":{"rendered":"","protected":false},"featured_media":0,"template":"","class_list":["post-3498543","product","type-product","status-publish","hentry"],"acf":[],"fimg":{"url":"https:\/\/www.fassabortolo.it\/wp-content\/uploads\/media\/assets\/ADYS.jpg","alt":"ADYS"},"product_description":["Einkomponentiger Kleber in Extrawei\u00df f\u00fcr Boden- und Wandbel\u00e4ge im Innen- und Au\u00dfenbereich"],"ekr_hierarchy_settings":{"it":{"FASSA_LINEA_FASSACOL_ADESIVI_SISTEMA_POSA":{"ekr_position":7}},"ch":{"FASSA_LINEA_FASSACOL_ADESIVI_SISTEMA_POSA":{"ekr_position":0}},"lu":{"FASSA_LINEA_FASSACOL_ADESIVI_SISTEMA_POSA":{"ekr_position":0}}},"lang":{"language_code":"de","locale":"de_DE","text_direction":false,"display_name":"Deutsch","native_name":"Tedesco","different_language":false},"systems":[{"id":3497517,"name":"VERLEGESYSTEM F\u00dcR BODEN- UND WANDBEL\u00c4GE","permalink":"https:\/\/www.fassabortolo.it\/de\/produkte\/verlegesystem-fur-boden-und-wandbelage\/","slug":"verlegesystem-fur-boden-und-wandbelage","ekr_pallet_code":"FASSA_SISTEMA_POSA_PAVIMENTI_E_RIVESTIMENTI"}],"product_pallet_code":"PROD_ADYS","lines":[{"id":3497452,"name":"FASSACOL &#8211; KLEBSTOFFE","permalink":"https:\/\/www.fassabortolo.it\/de\/produkte\/\/fassacol-klebstoffe\/","slug":"fassacol-klebstoffe","system_codes":["FASSA_SISTEMA_POSA_PAVIMENTI_E_RIVESTIMENTI"],"ekr_pallet_code":"FASSA_LINEA_FASSACOL_ADESIVI_SISTEMA_POSA"}],"use":["ADYS wird im Innenbereich an Boden und W\u00e4nden zum Verkleben von Keramikfliesen, Keramikmosaik, kleinformatigem Steinzeug, Cotto usw. auf Grundputzen auf Kalk-, Zement- oder Gipsbasis, auf Putzm\u00f6rteln, auf gut ausgeh\u00e4rteten und trockenen Estrichen auf Zement- oder Anhydritbasis sowie auf gut ausgeh\u00e4rteten Betonsohlen verwendet.","Besonders geeignet f\u00fcr Verankerungen auf unregelm\u00e4\u00dfigen Oberfl\u00e4chen, ohne notwendige Justierungen und mit Schichtst\u00e4rken bis zu 15 mm."],"supply":["in feuchtigkeitsgesch\u00fctzten Spezials\u00e4cken zu ca. 25 kg"],"attributes":{"Attributes_1":{"ZEMENTGEBUNDENE KLEBSTOFFE MIT NORMALEM ABBINDEN":"Zementgebundene Klebstoffe mit normalem Abbinden"},"Attributes_2":{"AUSSENBEREICH":"Au\u00dfenbereich","INNENBEREICH":"Innenbereich"}},"___attributes":{"FASSA":{"FASSA_SISTEMA_POSA_PAVIMENTI_E_RIVESTIMENTI":{"Attributes_1":["Zementgebundene Klebstoffe mit normalem Abbinden"],"Attributes_2":["Au\u00dfenbereich","Innenbereich"]}}},"elastic_market_index":"it","structured_data":{"@context":"https:\/\/schema.org","@type":"Product","name":"ADYS","description":["Einkomponentiger Kleber in Extrawei\u00df f\u00fcr Boden- und Wandbel\u00e4ge im Innen- und Au\u00dfenbereich"],"url":"https:\/\/www.fassabortolo.it\/de\/produkte\/verlegesystem-fur-boden-und-wandbelage\/fassacol-klebstoffe\/adys","identifier":"PROD_ADYS","sku":"PROD_ADYS","image":"https:\/\/www.fassabortolo.it\/wp-content\/uploads\/media\/assets\/ADYS.jpg","brand":{"@type":"Brand","name":"Fassa Bortolo"},"manufacturer":{"@type":"Organization","name":"Fassa Bortolo","url":"https:\/\/www.fassabortolo.it"},"additionalProperty":[{"@type":"PropertyValue","name":"Use Case 1","value":"ADYS wird im Innenbereich an Boden und W\u00e4nden zum Verkleben von Keramikfliesen, Keramikmosaik, kleinformatigem Steinzeug, Cotto usw. auf Grundputzen auf Kalk-, Zement- oder Gipsbasis, auf Putzm\u00f6rteln, auf gut ausgeh\u00e4rteten und trockenen Estrichen auf Zement- oder Anhydritbasis sowie auf gut ausgeh\u00e4rteten Betonsohlen verwendet."},{"@type":"PropertyValue","name":"Use Case 2","value":"Besonders geeignet f\u00fcr Verankerungen auf unregelm\u00e4\u00dfigen Oberfl\u00e4chen, ohne notwendige Justierungen und mit Schichtst\u00e4rken bis zu 15 mm."},{"@type":"PropertyValue","name":"Supply Information","value":"in feuchtigkeitsgesch\u00fctzten Spezials\u00e4cken zu ca. 25 kg"},{"@type":"PropertyValue","name":"Attributes_1","value":"Zementgebundene Klebstoffe mit normalem Abbinden"},{"@type":"PropertyValue","name":"Attributes_2","value":"Au\u00dfenbereich"},{"@type":"PropertyValue","name":"Attributes_2","value":"Innenbereich"}],"category":[{"@type":"ProductCollection","name":"FASSACOL &#8211; KLEBSTOFFE","identifier":"FASSA_LINEA_FASSACOL_ADESIVI_SISTEMA_POSA"},{"@type":"Collection","name":"VERLEGESYSTEM F\u00dcR BODEN- UND WANDBEL\u00c4GE","identifier":"FASSA_SISTEMA_POSA_PAVIMENTI_E_RIVESTIMENTI"}],"inLanguage":"de"},"_links":{"self":[{"href":"https:\/\/www.fassabortolo.it\/de\/wp-json\/wp\/v2\/product\/3498543","targetHints":{"allow":["GET"]}}],"collection":[{"href":"https:\/\/www.fassabortolo.it\/de\/wp-json\/wp\/v2\/product"}],"about":[{"href":"https:\/\/www.fassabortolo.it\/de\/wp-json\/wp\/v2\/types\/product"}],"wp:attachment":[{"href":"https:\/\/www.fassabortolo.it\/de\/wp-json\/wp\/v2\/media?parent=3498543"}],"curies":[{"name":"wp","href":"https:\/\/api.w.org\/{rel}","templated":true}]}}