{"id":3498544,"date":"2026-02-05T11:43:57","date_gmt":"2026-02-05T10:43:57","guid":{"rendered":"http:\/\/10.6.201.155\/?post_type=product&#038;p=54108"},"modified":"2026-05-15T01:08:53","modified_gmt":"2026-05-14T23:08:53","slug":"aquazip-one-pro","status":"publish","type":"product","link":"https:\/\/www.fassabortolo.it\/de\/produkte\/verlegesystem-fur-boden-und-wandbelage\/aquazip-wasserundurchlassige-dichtstoffe\/aquazip-one-pro","title":{"rendered":"AQUAZIP ONE PRO"},"content":{"rendered":"","protected":false},"featured_media":0,"template":"","class_list":["post-3498544","product","type-product","status-publish","hentry"],"acf":[],"fimg":{"url":"https:\/\/www.fassabortolo.it\/wp-content\/uploads\/media\/assets\/AQUAZIP_ONE_PRO.jpg","alt":"AQUAZIP ONE PRO"},"product_description":["Elastische, einkomponentige Dichtmasse auf Polymer-Zement-Basis"],"ekr_hierarchy_settings":{"it":{"FASSA_LINEA_AQUAZIP_IMPERMEABILIZZANTI_SISTEMA_POSA":{"ekr_position":1}},"es":{"FASSAES_LINEA_AQUAZIP_IMPERMEABILIZZANTI_SISTEMA_POSA":{"ekr_position":7}},"lu":{"FASSA_LINEA_AQUAZIP_IMPERMEABILIZZANTI_SISTEMA_POSA":{"ekr_position":8}}},"lang":{"language_code":"de","locale":"de_DE","text_direction":false,"display_name":"Deutsch","native_name":"Tedesco","different_language":false},"systems":[{"id":3497517,"name":"VERLEGESYSTEM F\u00dcR BODEN- UND WANDBEL\u00c4GE","permalink":"https:\/\/www.fassabortolo.it\/de\/produkte\/verlegesystem-fur-boden-und-wandbelage\/","slug":"verlegesystem-fur-boden-und-wandbelage","ekr_pallet_code":"FASSA_SISTEMA_POSA_PAVIMENTI_E_RIVESTIMENTI"}],"product_pallet_code":"PROD_AQUAZIP_ONE_PRO","lines":[{"id":3497450,"name":"AQUAZIP\u00ae &#8211; WASSERUNDURCHL\u00c4SSIGE DICHTSTOFFE","permalink":"https:\/\/www.fassabortolo.it\/de\/produkte\/\/aquazip-wasserundurchlassige-dichtstoffe\/","slug":"aquazip-wasserundurchlassige-dichtstoffe","system_codes":["FASSA_SISTEMA_POSA_PAVIMENTI_E_RIVESTIMENTI"],"ekr_pallet_code":"FASSA_LINEA_AQUAZIP_IMPERMEABILIZZANTI_SISTEMA_POSA"}],"use":["AQUAZIP ONE PRO wird verwendet, um selbst unter Belastung sich verformende Betonoberfl\u00e4chen, zementgebundene Estriche und dergleichen bei positivem Druckwasser undurchl\u00e4ssig abzudichten, um Putzgr\u00fcnde auf elastische und wasserundurchl\u00e4ssige Weise zu verspachteln oder eine wasserundurchl\u00e4ssige Dichtbahn f\u00fcr den Innen- und Au\u00dfenbereich vor der Verlegung von Keramikfliesen anzufertigen. &nbsp; Auch zur Verlegung auf bereits bestehenden Fu\u00dfb\u00f6den, um die Renovierungskosten und den Zeitplan auf der Baustelle zu optimieren."],"supply":["In feuchtigkeitsgesch\u00fctzten Spezials\u00e4cken zu zirka 20 kg"],"attributes":{"Attributes_1":{"DICHTBAHNEN UNTER FLIESENBELAG":"Dichtbahnen unter Fliesenbelag"},"Attributes_2":{"AUSSENBEREICH":"Au\u00dfenbereich","INNENBEREICH":"Innenbereich"}},"___attributes":{"FASSA":{"FASSA_SISTEMA_POSA_PAVIMENTI_E_RIVESTIMENTI":{"Attributes_1":["Dichtbahnen unter Fliesenbelag"],"Attributes_2":["Au\u00dfenbereich","Innenbereich"]}}},"elastic_market_index":"it","structured_data":{"@context":"https:\/\/schema.org","@type":"Product","name":"AQUAZIP ONE PRO","description":["Elastische, einkomponentige Dichtmasse auf Polymer-Zement-Basis"],"url":"https:\/\/www.fassabortolo.it\/de\/produkte\/verlegesystem-fur-boden-und-wandbelage\/aquazip-wasserundurchlassige-dichtstoffe\/aquazip-one-pro","identifier":"PROD_AQUAZIP_ONE_PRO","sku":"PROD_AQUAZIP_ONE_PRO","image":"https:\/\/www.fassabortolo.it\/wp-content\/uploads\/media\/assets\/AQUAZIP_ONE_PRO.jpg","brand":{"@type":"Brand","name":"Fassa Bortolo"},"manufacturer":{"@type":"Organization","name":"Fassa Bortolo","url":"https:\/\/www.fassabortolo.it"},"additionalProperty":[{"@type":"PropertyValue","name":"Use Case 1","value":"AQUAZIP ONE PRO wird verwendet, um selbst unter Belastung sich verformende Betonoberfl\u00e4chen, zementgebundene Estriche und dergleichen bei positivem Druckwasser undurchl\u00e4ssig abzudichten, um Putzgr\u00fcnde auf elastische und wasserundurchl\u00e4ssige Weise zu verspachteln oder eine wasserundurchl\u00e4ssige Dichtbahn f\u00fcr den Innen- und Au\u00dfenbereich vor der Verlegung von Keramikfliesen anzufertigen. &nbsp; Auch zur Verlegung auf bereits bestehenden Fu\u00dfb\u00f6den, um die Renovierungskosten und den Zeitplan auf der Baustelle zu optimieren."},{"@type":"PropertyValue","name":"Supply Information","value":"In feuchtigkeitsgesch\u00fctzten Spezials\u00e4cken zu zirka 20 kg"},{"@type":"PropertyValue","name":"Attributes_1","value":"Dichtbahnen unter Fliesenbelag"},{"@type":"PropertyValue","name":"Attributes_2","value":"Au\u00dfenbereich"},{"@type":"PropertyValue","name":"Attributes_2","value":"Innenbereich"}],"category":[{"@type":"ProductCollection","name":"AQUAZIP\u00ae &#8211; WASSERUNDURCHL\u00c4SSIGE DICHTSTOFFE","identifier":"FASSA_LINEA_AQUAZIP_IMPERMEABILIZZANTI_SISTEMA_POSA"},{"@type":"Collection","name":"VERLEGESYSTEM F\u00dcR BODEN- UND WANDBEL\u00c4GE","identifier":"FASSA_SISTEMA_POSA_PAVIMENTI_E_RIVESTIMENTI"}],"inLanguage":"de"},"_links":{"self":[{"href":"https:\/\/www.fassabortolo.it\/de\/wp-json\/wp\/v2\/product\/3498544","targetHints":{"allow":["GET"]}}],"collection":[{"href":"https:\/\/www.fassabortolo.it\/de\/wp-json\/wp\/v2\/product"}],"about":[{"href":"https:\/\/www.fassabortolo.it\/de\/wp-json\/wp\/v2\/types\/product"}],"wp:attachment":[{"href":"https:\/\/www.fassabortolo.it\/de\/wp-json\/wp\/v2\/media?parent=3498544"}],"curies":[{"name":"wp","href":"https:\/\/api.w.org\/{rel}","templated":true}]}}