{"id":3498545,"date":"2026-02-05T11:43:59","date_gmt":"2026-02-05T10:43:59","guid":{"rendered":"http:\/\/10.6.201.155\/?post_type=product&#038;p=54112"},"modified":"2026-04-28T11:05:22","modified_gmt":"2026-04-28T09:05:22","slug":"fassacol-latex-s2","status":"publish","type":"product","link":"https:\/\/www.fassabortolo.it\/de\/produkte\/verlegesystem-fur-boden-und-wandbelage\/fassacol-klebstoffe\/fassacol-latex-s2","title":{"rendered":"FASSACOL LATEX S2"},"content":{"rendered":"","protected":false},"featured_media":0,"template":"","class_list":["post-3498545","product","type-product","status-publish","hentry"],"acf":[],"fimg":{"url":"https:\/\/www.fassabortolo.it\/wp-content\/uploads\/media\/assets\/FASSACOL_LATEX_S2.jpg","alt":"FASSACOL LATEX S2"},"product_description":["Superelastischer Latex f\u00fcr zement\u00f6se Kleber"],"ekr_hierarchy_settings":{"it":{"FASSA_LINEA_FASSACOL_ADESIVI_SISTEMA_POSA":{"ekr_position":14}},"ch":{"FASSA_LINEA_FASSACOL_ADESIVI_SISTEMA_POSA":{"ekr_position":5}},"lu":{"FASSA_LINEA_FASSACOL_ADESIVI_SISTEMA_POSA":{"ekr_position":5}}},"lang":{"language_code":"de","locale":"de_DE","text_direction":false,"display_name":"Deutsch","native_name":"Tedesco","different_language":false},"systems":[{"id":3497517,"name":"VERLEGESYSTEM F\u00dcR BODEN- UND WANDBEL\u00c4GE","permalink":"https:\/\/www.fassabortolo.it\/de\/produkte\/verlegesystem-fur-boden-und-wandbelage\/","slug":"verlegesystem-fur-boden-und-wandbelage","ekr_pallet_code":"FASSA_SISTEMA_POSA_PAVIMENTI_E_RIVESTIMENTI"}],"product_pallet_code":"PROD_FASSACOL_LATEX_S2","lines":[{"id":3497452,"name":"FASSACOL &#8211; KLEBSTOFFE","permalink":"https:\/\/www.fassabortolo.it\/de\/produkte\/\/fassacol-klebstoffe\/","slug":"fassacol-klebstoffe","system_codes":["FASSA_SISTEMA_POSA_PAVIMENTI_E_RIVESTIMENTI"],"ekr_pallet_code":"FASSA_LINEA_FASSACOL_ADESIVI_SISTEMA_POSA"}],"use":["Durch das Anmischen von AD 8 oder RAPID MAXI S1 mit FASSACOL LATEX S2 erh\u00e4lt man einen Hochleistungsklebstoff mit hervorragenden Elastizit\u00e4ts- und Klebeeigenschaften, der zum Verkleben von Keramikfliesen aller Art wie Klinker, einfach und doppelt gebrannte Fliesen, Cotto und von Feinsteinzeug auch mit d\u00fcnner Schichtst\u00e4rke und samt eventuellem Verst\u00e4rkungsgewebe auf der R\u00fcckseite verwendet wird, und dies sowohl in Innen- als auch in Au\u00dfenbereichen.","Die Verwendung von FASSACOL LATEX S2 zusammen mit AD 8 erm\u00f6glicht den Erhalt eines verbesserten Klebstoffs mit verl\u00e4ngerter Offenzeit und gro\u00dfer Verformbarkeit, klassifiziert als C2E S2 in \u00dcbereinstimmung mit der Norm EN 12004; beim Anmischen mit RAPID MAXI S1 erh\u00e4lt man hingegen einen verbesserten schnellabbindenden Klebstoff mit verl\u00e4ngerter Offenzeit und gro\u00dfer Verformbarkeit, klassifiziert als C2FE S2 in \u00dcbereinstimmung mit der Norm EN 12004.","\u00dcntergr\u00fcnde k\u00f6nnen sein: Grundputze auf Kalk-, Zement-, Gipsbasis sowie Putzm\u00f6rtel, gut ausgeh\u00e4rtete und trockene Estriche auf Zement- oder Anhydritbasis, gut ausgeh\u00e4rtete Betonsohlen, Gipskarton, zement\u00f6se Dichtbahnen und bestehende Fu\u00dfb\u00f6den. &nbsp; Geeignet zur Anwendung auf Putzgr\u00fcnden und Estrichen mit Heiz-\/K\u00fchlanlage, auf W\u00e4rmed\u00e4mmverbundsystemen, in Schwimmbecken und in einem Umfeld mit starken mechanischen Beanspruchungen und Vibrationen.","Die mit FASSACOL LATEX S2 anger\u00fchrten Produkte sind, dank der perfekten Kompatibilit\u00e4t der Materialien, besonders auf Estrichen des Typs SA 500, FASSAFLOOR SV 472 PRO, SR 450, LEGEO MIX oder FASSAFLOOR THERM geeignet, sowie auf mit Binder FASSACEM angefertigten Estrichen, auf wasserundurchl\u00e4ssigen Abdichtungen der Linie AQUAZIP, auf W\u00e4rmed\u00e4mmverbundsystemen FASSATHERM und auf Bauplatten des Gipskartonsystems GYPSOTECH.","Se utilizzato con RAPID MAXI S1, l'adesivo in versione bianca \u00e8 idoneo anche per l'incollaggio di mosaici sia di tipo ceramico che vetroso, ricomposti a base cemento e pietre naturali sensibili alla macchiatura e stabili all'umidit\u00e0."],"supply":["Beh\u00e4lter zu ca. 20 kg"],"attributes":{"Attributes_1":{"LATEX F\u00dcR ZEMENTGEBUNDENE KLEBSTOFFE":"Latex f\u00fcr zementgebundene Klebstoffe"},"Attributes_2":{"AUSSENBEREICH":"Au\u00dfenbereich","INNENBEREICH":"Innenbereich"}},"___attributes":{"FASSA":{"FASSA_SISTEMA_POSA_PAVIMENTI_E_RIVESTIMENTI":{"Attributes_1":["Latex f\u00fcr zementgebundene Klebstoffe"],"Attributes_2":["Au\u00dfenbereich","Innenbereich"]}}},"elastic_market_index":"it","structured_data":{"@context":"https:\/\/schema.org","@type":"Product","name":"FASSACOL LATEX S2","description":["Superelastischer Latex f\u00fcr zement\u00f6se Kleber"],"url":"https:\/\/www.fassabortolo.it\/de\/produkte\/verlegesystem-fur-boden-und-wandbelage\/fassacol-klebstoffe\/fassacol-latex-s2","identifier":"PROD_FASSACOL_LATEX_S2","sku":"PROD_FASSACOL_LATEX_S2","image":"https:\/\/www.fassabortolo.it\/wp-content\/uploads\/media\/assets\/FASSACOL_LATEX_S2.jpg","brand":{"@type":"Brand","name":"Fassa Bortolo"},"manufacturer":{"@type":"Organization","name":"Fassa Bortolo","url":"https:\/\/www.fassabortolo.it"},"additionalProperty":[{"@type":"PropertyValue","name":"Use Case 1","value":"Durch das Anmischen von AD 8 oder RAPID MAXI S1 mit FASSACOL LATEX S2 erh\u00e4lt man einen Hochleistungsklebstoff mit hervorragenden Elastizit\u00e4ts- und Klebeeigenschaften, der zum Verkleben von Keramikfliesen aller Art wie Klinker, einfach und doppelt gebrannte Fliesen, Cotto und von Feinsteinzeug auch mit d\u00fcnner Schichtst\u00e4rke und samt eventuellem Verst\u00e4rkungsgewebe auf der R\u00fcckseite verwendet wird, und dies sowohl in Innen- als auch in Au\u00dfenbereichen."},{"@type":"PropertyValue","name":"Use Case 2","value":"Die Verwendung von FASSACOL LATEX S2 zusammen mit AD 8 erm\u00f6glicht den Erhalt eines verbesserten Klebstoffs mit verl\u00e4ngerter Offenzeit und gro\u00dfer Verformbarkeit, klassifiziert als C2E S2 in \u00dcbereinstimmung mit der Norm EN 12004; beim Anmischen mit RAPID MAXI S1 erh\u00e4lt man hingegen einen verbesserten schnellabbindenden Klebstoff mit verl\u00e4ngerter Offenzeit und gro\u00dfer Verformbarkeit, klassifiziert als C2FE S2 in \u00dcbereinstimmung mit der Norm EN 12004."},{"@type":"PropertyValue","name":"Use Case 3","value":"\u00dcntergr\u00fcnde k\u00f6nnen sein: Grundputze auf Kalk-, Zement-, Gipsbasis sowie Putzm\u00f6rtel, gut ausgeh\u00e4rtete und trockene Estriche auf Zement- oder Anhydritbasis, gut ausgeh\u00e4rtete Betonsohlen, Gipskarton, zement\u00f6se Dichtbahnen und bestehende Fu\u00dfb\u00f6den. &nbsp; Geeignet zur Anwendung auf Putzgr\u00fcnden und Estrichen mit Heiz-\/K\u00fchlanlage, auf W\u00e4rmed\u00e4mmverbundsystemen, in Schwimmbecken und in einem Umfeld mit starken mechanischen Beanspruchungen und Vibrationen."},{"@type":"PropertyValue","name":"Use Case 4","value":"Die mit FASSACOL LATEX S2 anger\u00fchrten Produkte sind, dank der perfekten Kompatibilit\u00e4t der Materialien, besonders auf Estrichen des Typs SA 500, FASSAFLOOR SV 472 PRO, SR 450, LEGEO MIX oder FASSAFLOOR THERM geeignet, sowie auf mit Binder FASSACEM angefertigten Estrichen, auf wasserundurchl\u00e4ssigen Abdichtungen der Linie AQUAZIP, auf W\u00e4rmed\u00e4mmverbundsystemen FASSATHERM und auf Bauplatten des Gipskartonsystems GYPSOTECH."},{"@type":"PropertyValue","name":"Use Case 5","value":"Se utilizzato con RAPID MAXI S1, l'adesivo in versione bianca \u00e8 idoneo anche per l'incollaggio di mosaici sia di tipo ceramico che vetroso, ricomposti a base cemento e pietre naturali sensibili alla macchiatura e stabili all'umidit\u00e0."},{"@type":"PropertyValue","name":"Supply Information","value":"Beh\u00e4lter zu ca. 20 kg"},{"@type":"PropertyValue","name":"Attributes_1","value":"Latex f\u00fcr zementgebundene Klebstoffe"},{"@type":"PropertyValue","name":"Attributes_2","value":"Au\u00dfenbereich"},{"@type":"PropertyValue","name":"Attributes_2","value":"Innenbereich"}],"category":[{"@type":"ProductCollection","name":"FASSACOL &#8211; KLEBSTOFFE","identifier":"FASSA_LINEA_FASSACOL_ADESIVI_SISTEMA_POSA"},{"@type":"Collection","name":"VERLEGESYSTEM F\u00dcR BODEN- UND WANDBEL\u00c4GE","identifier":"FASSA_SISTEMA_POSA_PAVIMENTI_E_RIVESTIMENTI"}],"inLanguage":"de"},"_links":{"self":[{"href":"https:\/\/www.fassabortolo.it\/de\/wp-json\/wp\/v2\/product\/3498545","targetHints":{"allow":["GET"]}}],"collection":[{"href":"https:\/\/www.fassabortolo.it\/de\/wp-json\/wp\/v2\/product"}],"about":[{"href":"https:\/\/www.fassabortolo.it\/de\/wp-json\/wp\/v2\/types\/product"}],"wp:attachment":[{"href":"https:\/\/www.fassabortolo.it\/de\/wp-json\/wp\/v2\/media?parent=3498545"}],"curies":[{"name":"wp","href":"https:\/\/api.w.org\/{rel}","templated":true}]}}