{"id":3498546,"date":"2026-02-05T11:44:01","date_gmt":"2026-02-05T10:44:01","guid":{"rendered":"http:\/\/10.6.201.155\/?post_type=product&#038;p=54116"},"modified":"2026-04-23T10:37:19","modified_gmt":"2026-04-23T08:37:19","slug":"sa-500","status":"publish","type":"product","link":"https:\/\/www.fassabortolo.it\/de\/produkte\/verlegesystem-fur-boden-und-wandbelage\/fassafloor-verlegegrunde\/sa-500","title":{"rendered":"SA 500"},"content":{"rendered":"","protected":false},"featured_media":0,"template":"","class_list":["post-3498546","product","type-product","status-publish","hentry"],"acf":[],"fimg":{"url":"https:\/\/www.fassabortolo.it\/wp-content\/uploads\/media\/assets\/SA_500.jpg","alt":"SA 500"},"product_description":["Flie\u00dfestrich auf zement\u00f6ser Basis f\u00fcr belegreife Innenb\u00f6den"],"ekr_hierarchy_settings":{"it":{"FASSA_LINEA_FASSAFLOOR_FONDI_DI_POSA_SISTEMA_POSA":{"ekr_position":4}},"lu":{"FASSA_LINEA_FASSAFLOOR_FONDI_DI_POSA_SISTEMA_POSA":{"ekr_position":8}}},"lang":{"language_code":"de","locale":"de_DE","text_direction":false,"display_name":"Deutsch","native_name":"Tedesco","different_language":false},"systems":[{"id":3497517,"name":"VERLEGESYSTEM F\u00dcR BODEN- UND WANDBEL\u00c4GE","permalink":"https:\/\/www.fassabortolo.it\/de\/produkte\/verlegesystem-fur-boden-und-wandbelage\/","slug":"verlegesystem-fur-boden-und-wandbelage","ekr_pallet_code":"FASSA_SISTEMA_POSA_PAVIMENTI_E_RIVESTIMENTI"}],"product_pallet_code":"PROD_SA_500","lines":[{"id":3497462,"name":"FASSAFLOOR &#8211; VERLEGEGR\u00dcNDE","permalink":"https:\/\/www.fassabortolo.it\/de\/produkte\/\/fassafloor-verlegegrunde\/","slug":"fassafloor-verlegegrunde","system_codes":["FASSA_SISTEMA_POSA_PAVIMENTI_E_RIVESTIMENTI"],"ekr_pallet_code":"FASSA_LINEA_FASSAFLOOR_FONDI_DI_POSA_SISTEMA_POSA"}],"use":["Dank seiner besonderen Formulierung kann SA 500 mit lastenverteilender Funktion zur Realisierung von schwimmenden und entkoppelnden Estrichen in Innenbereichen verwendet werden, f\u00fcr die nachfolgende Verlegung von Bodenbel\u00e4gen aus Holz, aus elastischen Materialien (Linoleum, PVC, Teppichb\u00f6den, LVT, Gummi usw.) sowie f\u00fcr Keramikfliesen.","Dank guter mechanischer Leistungseigenschaften eignet sich SA 500 f\u00fcr folgende Verwendungszwecke:","R\u00e4umlichkeiten f\u00fcr die wohnbauliche Nutzung (Hotelgeb\u00e4ude, Wohnr\u00e4ume und entsprechende Serviceeinrichtungen);","B\u00fcror\u00e4umlichkeiten f\u00fcr die private und \u00f6ffentliche Nutzung;","\u00d6ffentliche Bereiche (Restaurants, medizinische Einrichtungen, Schulen, Turnhallen usw.).","Besonders geeignet f\u00fcr Anwendungen auf Heiz-\/K\u00fchlanlagen dank hoher Kompaktheit und daraus resultierender geringer W\u00e4rmetr\u00e4gheit.","Stimmt mit den Anleitungen der wichtigsten Verlegebestimmungen \u00fcberein (UNI 11493-1, UNI 11371 usw.)."],"supply":["Lose im Silo","In feuchtigkeitsgesch\u00fctzten Spezials\u00e4cken zu ca. 25 kg","Je nach Bestimmungsland k\u00f6nnten einige Verkaufsformate nicht erh\u00e4ltlich sein"],"attributes":{"Attributes_1":{"FLIESSESTRICHE":"Fliessestriche"},"Attributes_2":{"INNENBEREICH":"Innenbereich"}},"___attributes":{"FASSA":{"FASSA_SISTEMA_POSA_PAVIMENTI_E_RIVESTIMENTI":{"Attributes_1":["Fliessestriche"],"Attributes_2":["Innenbereich"]}}},"elastic_market_index":"it","structured_data":{"@context":"https:\/\/schema.org","@type":"Product","name":"SA 500","description":["Flie\u00dfestrich auf zement\u00f6ser Basis f\u00fcr belegreife Innenb\u00f6den"],"url":"https:\/\/www.fassabortolo.it\/de\/produkte\/verlegesystem-fur-boden-und-wandbelage\/fassafloor-verlegegrunde\/sa-500","identifier":"PROD_SA_500","sku":"PROD_SA_500","image":"https:\/\/www.fassabortolo.it\/wp-content\/uploads\/media\/assets\/SA_500.jpg","brand":{"@type":"Brand","name":"Fassa Bortolo"},"manufacturer":{"@type":"Organization","name":"Fassa Bortolo","url":"https:\/\/www.fassabortolo.it"},"additionalProperty":[{"@type":"PropertyValue","name":"Use Case 1","value":"Dank seiner besonderen Formulierung kann SA 500 mit lastenverteilender Funktion zur Realisierung von schwimmenden und entkoppelnden Estrichen in Innenbereichen verwendet werden, f\u00fcr die nachfolgende Verlegung von Bodenbel\u00e4gen aus Holz, aus elastischen Materialien (Linoleum, PVC, Teppichb\u00f6den, LVT, Gummi usw.) sowie f\u00fcr Keramikfliesen."},{"@type":"PropertyValue","name":"Use Case 2","value":"Dank guter mechanischer Leistungseigenschaften eignet sich SA 500 f\u00fcr folgende Verwendungszwecke:"},{"@type":"PropertyValue","name":"Use Case 3","value":"R\u00e4umlichkeiten f\u00fcr die wohnbauliche Nutzung (Hotelgeb\u00e4ude, Wohnr\u00e4ume und entsprechende Serviceeinrichtungen);"},{"@type":"PropertyValue","name":"Use Case 4","value":"B\u00fcror\u00e4umlichkeiten f\u00fcr die private und \u00f6ffentliche Nutzung;"},{"@type":"PropertyValue","name":"Use Case 5","value":"\u00d6ffentliche Bereiche (Restaurants, medizinische Einrichtungen, Schulen, Turnhallen usw.)."},{"@type":"PropertyValue","name":"Use Case 6","value":"Besonders geeignet f\u00fcr Anwendungen auf Heiz-\/K\u00fchlanlagen dank hoher Kompaktheit und daraus resultierender geringer W\u00e4rmetr\u00e4gheit."},{"@type":"PropertyValue","name":"Use Case 7","value":"Stimmt mit den Anleitungen der wichtigsten Verlegebestimmungen \u00fcberein (UNI 11493-1, UNI 11371 usw.)."},{"@type":"PropertyValue","name":"Supply Information","value":"Lose im Silo"},{"@type":"PropertyValue","name":"Supply Information","value":"In feuchtigkeitsgesch\u00fctzten Spezials\u00e4cken zu ca. 25 kg"},{"@type":"PropertyValue","name":"Supply Information","value":"Je nach Bestimmungsland k\u00f6nnten einige Verkaufsformate nicht erh\u00e4ltlich sein"},{"@type":"PropertyValue","name":"Attributes_1","value":"Fliessestriche"},{"@type":"PropertyValue","name":"Attributes_2","value":"Innenbereich"}],"category":[{"@type":"ProductCollection","name":"FASSAFLOOR &#8211; VERLEGEGR\u00dcNDE","identifier":"FASSA_LINEA_FASSAFLOOR_FONDI_DI_POSA_SISTEMA_POSA"},{"@type":"Collection","name":"VERLEGESYSTEM F\u00dcR BODEN- UND WANDBEL\u00c4GE","identifier":"FASSA_SISTEMA_POSA_PAVIMENTI_E_RIVESTIMENTI"}],"inLanguage":"de"},"_links":{"self":[{"href":"https:\/\/www.fassabortolo.it\/de\/wp-json\/wp\/v2\/product\/3498546","targetHints":{"allow":["GET"]}}],"collection":[{"href":"https:\/\/www.fassabortolo.it\/de\/wp-json\/wp\/v2\/product"}],"about":[{"href":"https:\/\/www.fassabortolo.it\/de\/wp-json\/wp\/v2\/types\/product"}],"wp:attachment":[{"href":"https:\/\/www.fassabortolo.it\/de\/wp-json\/wp\/v2\/media?parent=3498546"}],"curies":[{"name":"wp","href":"https:\/\/api.w.org\/{rel}","templated":true}]}}