{"id":3498635,"date":"2026-03-25T11:00:35","date_gmt":"2026-03-25T10:00:35","guid":{"rendered":"http:\/\/10.6.201.155\/?post_type=product&#038;p=55284"},"modified":"2026-05-15T01:30:30","modified_gmt":"2026-05-14T23:30:30","slug":"lastra-isolante-in-lana-di-roccia-doppia-densita","status":"publish","type":"product","link":"https:\/\/www.fassabortolo.it\/de\/produkte\/sistema-isolamento-termico-fassatherm\/dammplatten\/lastra-isolante-in-lana-di-roccia-doppia-densita","title":{"rendered":"D\u00c4MMPLATTE AUS STEINWOLLE DOPPELTER DICHTE"},"content":{"rendered":"","protected":false},"featured_media":0,"template":"","class_list":["post-3498635","product","type-product","status-publish","hentry"],"acf":[],"fimg":{"url":"https:\/\/www.fassabortolo.it\/wp-content\/uploads\/media\/assets\/LASTRA_ISOLANTE_IN_LANA_DI_ROCCIA_DOPPIA_DENSIT%c3%80.jpg","alt":"D\u00c4MMPLATTE AUS STEINWOLLE DOPPELTER DICHTE"},"product_description":["Pannello in lana di roccia a doppia-densit\u00e0 per l'isolamento termico delle pareti esterne degli edifici"],"ekr_hierarchy_settings":{"it":{"FASSA_LINEA_PANNELLI_ISOLANTI_SISTEMA_ISOLAMENTO":{"ekr_position":6}},"ch":{"FASSA_LINEA_PANNELLI_ISOLANTI_SISTEMA_ISOLAMENTO":{"ekr_position":4}},"lu":{"FASSA_LINEA_PANNELLI_ISOLANTI_SISTEMA_ISOLAMENTO":{"ekr_position":4}}},"lang":{"language_code":"de","locale":"de_DE","text_direction":false,"display_name":"Deutsch","native_name":"Tedesco","different_language":false},"systems":[{"id":3497519,"name":"W\u00c4RMED\u00c4MMVERBUNDSYSTEM FASSATHERM\u00ae","permalink":"https:\/\/www.fassabortolo.it\/de\/produkte\/sistema-isolamento-termico-fassatherm\/","slug":"sistema-isolamento-termico-fassatherm","ekr_pallet_code":"FASSA_SISTEMA_ISOLAMENTO_TERMICO_FASSATHERM"}],"product_pallet_code":"PROD_LASTRA_ISOLANTE_IN_LANA_DI_ROCCIA_DOPPIA_DENSITA","lines":[{"id":3497464,"name":"D\u00c4MMPLATTEN","permalink":"https:\/\/www.fassabortolo.it\/de\/produkte\/\/dammplatten\/","slug":"dammplatten","system_codes":["FASSA_SISTEMA_ISOLAMENTO_TERMICO_FASSATHERM"],"ekr_pallet_code":"FASSA_LINEA_PANNELLI_ISOLANTI_SISTEMA_ISOLAMENTO"}],"use":["Die D\u00c4MMPLATTE AUS STEINWOLLE DOPPELTER DICHTE wird f\u00fcr die au\u00dfenseitige Anbringung von W\u00e4rmed\u00e4mmverbundsystemen an Neubauten verwendet, oder im Zuge von Umbauten und Sanierungsma\u00dfnahmen bei Altbauten. &nbsp; Die Plattendicke wird je nach der gew\u00fcnschten W\u00e4rmed\u00e4mmung bestimmt, jedoch immer unter Ber\u00fccksichtigung der jeweils geltenden Bestimmungen am Verwendungsort."],"supply":["Die D\u00c4MMPLATTE AUS STEINWOLLE DOPPELTER DICHTE wird in Polyethylenfolie verpackt ausgeliefert."],"attributes":{"Attributes_1":[],"Attributes_2":{"AUSSENBEREICH":"Au\u00dfenbereich"}},"___attributes":{"FASSA":{"FASSA_SISTEMA_ISOLAMENTO_TERMICO_FASSATHERM":{"Attributes_2":["Au\u00dfenbereich"]}}},"elastic_market_index":"it","structured_data":{"@context":"https:\/\/schema.org","@type":"Product","name":"D\u00c4MMPLATTE AUS STEINWOLLE DOPPELTER DICHTE","description":["Pannello in lana di roccia a doppia-densit\u00e0 per l'isolamento termico delle pareti esterne degli edifici"],"url":"https:\/\/www.fassabortolo.it\/de\/produkte\/sistema-isolamento-termico-fassatherm\/dammplatten\/lastra-isolante-in-lana-di-roccia-doppia-densita","identifier":"PROD_LASTRA_ISOLANTE_IN_LANA_DI_ROCCIA_DOPPIA_DENSITA","sku":"PROD_LASTRA_ISOLANTE_IN_LANA_DI_ROCCIA_DOPPIA_DENSITA","image":"https:\/\/www.fassabortolo.it\/wp-content\/uploads\/media\/assets\/LASTRA_ISOLANTE_IN_LANA_DI_ROCCIA_DOPPIA_DENSIT%c3%80.jpg","brand":{"@type":"Brand","name":"Fassa Bortolo"},"manufacturer":{"@type":"Organization","name":"Fassa Bortolo","url":"https:\/\/www.fassabortolo.it"},"additionalProperty":[{"@type":"PropertyValue","name":"Use Case 1","value":"Die D\u00c4MMPLATTE AUS STEINWOLLE DOPPELTER DICHTE wird f\u00fcr die au\u00dfenseitige Anbringung von W\u00e4rmed\u00e4mmverbundsystemen an Neubauten verwendet, oder im Zuge von Umbauten und Sanierungsma\u00dfnahmen bei Altbauten. &nbsp; Die Plattendicke wird je nach der gew\u00fcnschten W\u00e4rmed\u00e4mmung bestimmt, jedoch immer unter Ber\u00fccksichtigung der jeweils geltenden Bestimmungen am Verwendungsort."},{"@type":"PropertyValue","name":"Supply Information","value":"Die D\u00c4MMPLATTE AUS STEINWOLLE DOPPELTER DICHTE wird in Polyethylenfolie verpackt ausgeliefert."},{"@type":"PropertyValue","name":"Attributes_2","value":"Au\u00dfenbereich"}],"category":[{"@type":"ProductCollection","name":"D\u00c4MMPLATTEN","identifier":"FASSA_LINEA_PANNELLI_ISOLANTI_SISTEMA_ISOLAMENTO"},{"@type":"Collection","name":"W\u00c4RMED\u00c4MMVERBUNDSYSTEM FASSATHERM\u00ae","identifier":"FASSA_SISTEMA_ISOLAMENTO_TERMICO_FASSATHERM"}],"inLanguage":"de"},"_links":{"self":[{"href":"https:\/\/www.fassabortolo.it\/de\/wp-json\/wp\/v2\/product\/3498635","targetHints":{"allow":["GET"]}}],"collection":[{"href":"https:\/\/www.fassabortolo.it\/de\/wp-json\/wp\/v2\/product"}],"about":[{"href":"https:\/\/www.fassabortolo.it\/de\/wp-json\/wp\/v2\/types\/product"}],"wp:attachment":[{"href":"https:\/\/www.fassabortolo.it\/de\/wp-json\/wp\/v2\/media?parent=3498635"}],"curies":[{"name":"wp","href":"https:\/\/api.w.org\/{rel}","templated":true}]}}