{"id":3498710,"date":"2026-05-05T13:10:29","date_gmt":"2026-05-05T11:10:29","guid":{"rendered":"http:\/\/10.6.201.155\/?post_type=product&#038;p=56434"},"modified":"2026-05-15T01:31:23","modified_gmt":"2026-05-14T23:31:23","slug":"olimpic-opaco","status":"publish","type":"product","link":"https:\/\/www.fassabortolo.it\/de\/produkte\/sistema-fassacolour\/protezione-passiva-dal-fuoco\/olimpic-opaco","title":{"rendered":"OLIMPIC OPACO"},"content":{"rendered":"","protected":false},"featured_media":0,"template":"","class_list":["post-3498710","product","type-product","status-publish","hentry"],"acf":[],"fimg":{"url":"https:\/\/www.fassabortolo.it\/wp-content\/uploads\/media\/assets\/IMPA_0825_OLIMPIC_OPACO.jpg","alt":"OLIMPIC OPACO"},"product_description":["Geruchsloser, matter Wandlack mit niedrigem VOC-Gehalt"],"ekr_hierarchy_settings":{"it":{"FASSA_LINEA_PROTEZIONE_PASSIVA_DAL_FUOCO_SISTEMA_COLORE":{"ekr_position":5}},"ch":{"FASSA_LINEA_PROTEZIONE_PASSIVA_DAL_FUOCO_SISTEMA_COLORE":{"ekr_position":4}},"lu":{"FASSA_LINEA_PROTEZIONE_PASSIVA_DAL_FUOCO_SISTEMA_COLORE":{"ekr_position":4}}},"lang":{"language_code":"de","locale":"de_DE","text_direction":false,"display_name":"Deutsch","native_name":"Tedesco","different_language":false},"systems":[{"id":3497509,"name":"FASSACOLOUR\u00ae-System","permalink":"https:\/\/www.fassabortolo.it\/de\/produkte\/sistema-fassacolour\/","slug":"sistema-fassacolour","ekr_pallet_code":"FASSA_SISTEMA_COLORE_FASSACOLOUR"}],"product_pallet_code":"PROD_OLIMPIC_OPACO","lines":[{"id":3498561,"name":"PROTEZIONE PASSIVA DAL FUOCO","permalink":"https:\/\/www.fassabortolo.it\/de\/produkte\/\/protezione-passiva-dal-fuoco\/","slug":"protezione-passiva-dal-fuoco","system_codes":["FASSA_SISTEMA_COLORE_FASSACOLOUR"],"ekr_pallet_code":"FASSA_LINEA_PROTEZIONE_PASSIVA_DAL_FUOCO_SISTEMA_COLORE"}],"use":["OLIMPIC OPACO ist ein Finish auf Acrylharzbasis in Wasserdispersion f\u00fcr Innenanwendungen.","Er ist geruchlos, formaldehydfrei und hat einen sehr niedrigen VOC-Gehalt. Er wird f\u00fcr den Anstrich von Eing\u00e4ngen, Warter\u00e4umen, Schulen, Krankenh\u00e4usern, Treppenh\u00e4usern, Hotels und \u00f6ffentlichen R\u00e4umen im Allgemeinen empfohlen.","Er zeichnet sich durch hervorragende Deckkraft, guten Verlauf und geringe Schmutzaufnahme aus.","Der getrocknete Film widersteht h\u00e4ufigem Waschen mit Wasser und den g\u00e4ngigsten Reinigungsmitteln.","Durch spezielle Zus\u00e4tze ist der Film gegen die Entwicklung eines breiten Spektrums von Schimmelpilzarten gesch\u00fctzt.","Geeignet f\u00fcr Anstriche in Umgebungen, in denen Lebensmittel vorhanden sind, gem\u00e4\u00df der Norm UNI 11021:2002 \u00fcber die HACCP-Methodik.","Kann auf Zivilputz, Gipsputz, Gipskarton, Beton aufgetragen werden.","Das Produkt kann mit der Hilfe des Mischanlagesystems ADVANCE HT."],"supply":["-"],"attributes":{"Attributes_1":{"WASSERBASIERTE WANDLACKE":"Wasserbasierte Wandlacke","WASSERBASIERTE ANSTRICHE MIT SCHUTZFILM":"Wasserbasierte Anstriche mit Schutzfilm"},"Attributes_2":{"INNENBEREICH":"Innenbereich"}},"___attributes":{"FASSA":{"FASSA_SISTEMA_COLORE_FASSACOLOUR":{"Attributes_1":["Wasserbasierte Wandlacke","Wasserbasierte Anstriche mit Schutzfilm"],"Attributes_2":["Innenbereich"]}}},"elastic_market_index":"it","structured_data":{"@context":"https:\/\/schema.org","@type":"Product","name":"OLIMPIC OPACO","description":["Geruchsloser, matter Wandlack mit niedrigem VOC-Gehalt"],"url":"https:\/\/www.fassabortolo.it\/de\/produkte\/sistema-fassacolour\/protezione-passiva-dal-fuoco\/olimpic-opaco","identifier":"PROD_OLIMPIC_OPACO","sku":"PROD_OLIMPIC_OPACO","image":"https:\/\/www.fassabortolo.it\/wp-content\/uploads\/media\/assets\/IMPA_0825_OLIMPIC_OPACO.jpg","brand":{"@type":"Brand","name":"Fassa Bortolo"},"manufacturer":{"@type":"Organization","name":"Fassa Bortolo","url":"https:\/\/www.fassabortolo.it"},"additionalProperty":[{"@type":"PropertyValue","name":"Use Case 1","value":"OLIMPIC OPACO ist ein Finish auf Acrylharzbasis in Wasserdispersion f\u00fcr Innenanwendungen."},{"@type":"PropertyValue","name":"Use Case 2","value":"Er ist geruchlos, formaldehydfrei und hat einen sehr niedrigen VOC-Gehalt. Er wird f\u00fcr den Anstrich von Eing\u00e4ngen, Warter\u00e4umen, Schulen, Krankenh\u00e4usern, Treppenh\u00e4usern, Hotels und \u00f6ffentlichen R\u00e4umen im Allgemeinen empfohlen."},{"@type":"PropertyValue","name":"Use Case 3","value":"Er zeichnet sich durch hervorragende Deckkraft, guten Verlauf und geringe Schmutzaufnahme aus."},{"@type":"PropertyValue","name":"Use Case 4","value":"Der getrocknete Film widersteht h\u00e4ufigem Waschen mit Wasser und den g\u00e4ngigsten Reinigungsmitteln."},{"@type":"PropertyValue","name":"Use Case 5","value":"Durch spezielle Zus\u00e4tze ist der Film gegen die Entwicklung eines breiten Spektrums von Schimmelpilzarten gesch\u00fctzt."},{"@type":"PropertyValue","name":"Use Case 6","value":"Geeignet f\u00fcr Anstriche in Umgebungen, in denen Lebensmittel vorhanden sind, gem\u00e4\u00df der Norm UNI 11021:2002 \u00fcber die HACCP-Methodik."},{"@type":"PropertyValue","name":"Use Case 7","value":"Kann auf Zivilputz, Gipsputz, Gipskarton, Beton aufgetragen werden."},{"@type":"PropertyValue","name":"Use Case 8","value":"Das Produkt kann mit der Hilfe des Mischanlagesystems ADVANCE HT."},{"@type":"PropertyValue","name":"Supply Information","value":"-"},{"@type":"PropertyValue","name":"Attributes_1","value":"Wasserbasierte Wandlacke"},{"@type":"PropertyValue","name":"Attributes_1","value":"Wasserbasierte Anstriche mit Schutzfilm"},{"@type":"PropertyValue","name":"Attributes_2","value":"Innenbereich"}],"category":[{"@type":"ProductCollection","name":"PROTEZIONE PASSIVA DAL FUOCO","identifier":"FASSA_LINEA_PROTEZIONE_PASSIVA_DAL_FUOCO_SISTEMA_COLORE"},{"@type":"Collection","name":"FASSACOLOUR\u00ae-System","identifier":"FASSA_SISTEMA_COLORE_FASSACOLOUR"}],"inLanguage":"de"},"_links":{"self":[{"href":"https:\/\/www.fassabortolo.it\/de\/wp-json\/wp\/v2\/product\/3498710","targetHints":{"allow":["GET"]}}],"collection":[{"href":"https:\/\/www.fassabortolo.it\/de\/wp-json\/wp\/v2\/product"}],"about":[{"href":"https:\/\/www.fassabortolo.it\/de\/wp-json\/wp\/v2\/types\/product"}],"wp:attachment":[{"href":"https:\/\/www.fassabortolo.it\/de\/wp-json\/wp\/v2\/media?parent=3498710"}],"curies":[{"name":"wp","href":"https:\/\/api.w.org\/{rel}","templated":true}]}}