{"id":3498984,"date":"2026-01-20T15:03:48","date_gmt":"2026-01-20T14:03:48","guid":{"rendered":"http:\/\/10.6.201.155\/?post_type=product&#038;p=50765"},"modified":"2026-05-15T01:14:21","modified_gmt":"2026-05-14T23:14:21","slug":"fassafloor-pave-grout","status":"publish","type":"product","link":"https:\/\/www.fassabortolo.it\/en\/products\/system-for-laying-floor-and-wall-coverings\/fassafloor-substrate-preparation\/fassafloor-pave-grout","title":{"rendered":"FASSAFLOOR PAV\u00c9 GROUT"},"content":{"rendered":"","protected":false},"featured_media":0,"template":"","class_list":["post-3498984","product","type-product","status-publish","hentry"],"acf":[],"fimg":{"url":"https:\/\/www.fassabortolo.it\/wp-content\/uploads\/media\/assets\/FASSAFLOOR_PAVE_grout.jpg","alt":"FASSAFLOOR PAV\u00c9 GROUT"},"product_description":["Malta premiscelata per la stuccatura di pavimentazioni architettoniche carrabili in pietra naturale, in classe di esposizione XF4 e XS3, a elevate resistenze meccaniche e resistente ai cicli gelo-disgelo."],"ekr_hierarchy_settings":{"it":{"FASSA_LINEA_FASSAFLOOR_FONDI_DI_POSA_SISTEMA_POSA":{"ekr_position":15}},"lu":{"FASSA_LINEA_FASSAFLOOR_FONDI_DI_POSA_SISTEMA_POSA":{"ekr_position":19}}},"lang":{"language_code":"en","locale":"en_GB","text_direction":false,"display_name":"English","native_name":"Inglese","different_language":false},"systems":[{"id":3498788,"name":"System FOR LAYING FLOOR AND WALL COVERINGS","permalink":"https:\/\/www.fassabortolo.it\/en\/products\/system-for-laying-floor-and-wall-coverings\/","slug":"system-for-laying-floor-and-wall-coverings","ekr_pallet_code":"FASSA_SISTEMA_POSA_PAVIMENTI_E_RIVESTIMENTI"}],"product_pallet_code":"PROD_FASSAFLOOR_PAVE_GROUT","lines":[{"id":3498735,"name":"FASSAFLOOR \u2013 SUBSTRATE PREPARATION","permalink":"https:\/\/www.fassabortolo.it\/en\/products\/\/fassafloor-substrate-preparation\/","slug":"fassafloor-substrate-preparation","system_codes":["FASSA_SISTEMA_POSA_PAVIMENTI_E_RIVESTIMENTI"],"ekr_pallet_code":"FASSA_LINEA_FASSAFLOOR_FONDI_DI_POSA_SISTEMA_POSA"}],"use":["FASSAFLOOR PAV\u00c9 GROUT, grazie alle ottime propriet\u00e0 di lavorazione, \u00e8 indicato per la stuccatura delle fughe di pavimentazioni, anche carrabili, in pietra naturale di piazze, strade, marciapiedi, parcheggi, attraversamenti pedonali, rotonde e dissuasori di velocit\u00e0 realizzate in cubetti, ciottoli, lastre ecc."],"supply":["Special sacks with moisture protection, approx. 25 kg"],"attributes":{"Attributes_1":{"BEDDING SCREEDS FOR DRIVEWAYS IN NATURAL STONE":"Bedding screeds for driveways in natural stone"},"Attributes_2":{"EXTERIORS":"Exteriors"}},"___attributes":{"FASSA":{"FASSA_SISTEMA_POSA_PAVIMENTI_E_RIVESTIMENTI":{"Attributes_1":["Bedding screeds for driveways in natural stone"],"Attributes_2":["Exteriors"]}}},"elastic_market_index":"it","structured_data":{"@context":"https:\/\/schema.org","@type":"Product","name":"FASSAFLOOR PAV\u00c9 GROUT","description":["Malta premiscelata per la stuccatura di pavimentazioni architettoniche carrabili in pietra naturale, in classe di esposizione XF4 e XS3, a elevate resistenze meccaniche e resistente ai cicli gelo-disgelo."],"url":"https:\/\/www.fassabortolo.it\/en\/products\/system-for-laying-floor-and-wall-coverings\/fassafloor-substrate-preparation\/fassafloor-pave-grout","identifier":"PROD_FASSAFLOOR_PAVE_GROUT","sku":"PROD_FASSAFLOOR_PAVE_GROUT","image":"https:\/\/www.fassabortolo.it\/wp-content\/uploads\/media\/assets\/FASSAFLOOR_PAVE_grout.jpg","brand":{"@type":"Brand","name":"Fassa Bortolo"},"manufacturer":{"@type":"Organization","name":"Fassa Bortolo","url":"https:\/\/www.fassabortolo.it"},"additionalProperty":[{"@type":"PropertyValue","name":"Use Case 1","value":"FASSAFLOOR PAV\u00c9 GROUT, grazie alle ottime propriet\u00e0 di lavorazione, \u00e8 indicato per la stuccatura delle fughe di pavimentazioni, anche carrabili, in pietra naturale di piazze, strade, marciapiedi, parcheggi, attraversamenti pedonali, rotonde e dissuasori di velocit\u00e0 realizzate in cubetti, ciottoli, lastre ecc."},{"@type":"PropertyValue","name":"Supply Information","value":"Special sacks with moisture protection, approx. 25 kg"},{"@type":"PropertyValue","name":"Attributes_1","value":"Bedding screeds for driveways in natural stone"},{"@type":"PropertyValue","name":"Attributes_2","value":"Exteriors"}],"category":[{"@type":"ProductCollection","name":"FASSAFLOOR \u2013 SUBSTRATE PREPARATION","identifier":"FASSA_LINEA_FASSAFLOOR_FONDI_DI_POSA_SISTEMA_POSA"},{"@type":"Collection","name":"System FOR LAYING FLOOR AND WALL COVERINGS","identifier":"FASSA_SISTEMA_POSA_PAVIMENTI_E_RIVESTIMENTI"}],"inLanguage":"en"},"_links":{"self":[{"href":"https:\/\/www.fassabortolo.it\/en\/wp-json\/wp\/v2\/product\/3498984","targetHints":{"allow":["GET"]}}],"collection":[{"href":"https:\/\/www.fassabortolo.it\/en\/wp-json\/wp\/v2\/product"}],"about":[{"href":"https:\/\/www.fassabortolo.it\/en\/wp-json\/wp\/v2\/types\/product"}],"wp:attachment":[{"href":"https:\/\/www.fassabortolo.it\/en\/wp-json\/wp\/v2\/media?parent=3498984"}],"curies":[{"name":"wp","href":"https:\/\/api.w.org\/{rel}","templated":true}]}}